{"id":4112,"date":"2021-01-16T09:08:57","date_gmt":"2021-01-16T15:08:57","guid":{"rendered":"https:\/\/spinto.com.mx\/?page_id=4112"},"modified":"2021-01-16T10:08:15","modified_gmt":"2021-01-16T16:08:15","slug":"spinto-talent","status":"publish","type":"page","link":"https:\/\/spinto.com.mx\/es\/spinto-talent\/","title":{"rendered":"Spinto Talent"},"content":{"rendered":"\t\t<div data-elementor-type=\"wp-post\" data-elementor-id=\"4112\" class=\"elementor elementor-4112\">\n\t\t\t\t\t\t<div class=\"elementor-inner\">\n\t\t\t\t<div class=\"elementor-section-wrap\">\n\t\t\t\t\t\t\t\t\t<section class=\"elementor-section elementor-top-section elementor-element elementor-element-c306c91 elementor-section-boxed elementor-section-height-default elementor-section-height-default\" data-id=\"c306c91\" data-element_type=\"section\" data-settings=\"{&quot;background_background&quot;:&quot;classic&quot;,&quot;background_motion_fx_motion_fx_scrolling&quot;:&quot;yes&quot;,&quot;background_motion_fx_translateY_effect&quot;:&quot;yes&quot;,&quot;shape_divider_bottom&quot;:&quot;triangle-asymmetrical&quot;,&quot;background_motion_fx_translateY_speed&quot;:{&quot;unit&quot;:&quot;px&quot;,&quot;size&quot;:4,&quot;sizes&quot;:[]},&quot;background_motion_fx_translateY_affectedRange&quot;:{&quot;unit&quot;:&quot;%&quot;,&quot;size&quot;:&quot;&quot;,&quot;sizes&quot;:{&quot;start&quot;:0,&quot;end&quot;:100}},&quot;background_motion_fx_devices&quot;:[&quot;desktop&quot;,&quot;tablet&quot;,&quot;mobile&quot;]}\">\n\t\t\t\t\t\t\t<div class=\"elementor-background-overlay\"><\/div>\n\t\t\t\t\t\t<div class=\"elementor-shape elementor-shape-bottom\" data-negative=\"false\">\n\t\t\t<svg xmlns=\"http:\/\/www.w3.org\/2000\/svg\" viewBox=\"0 0 1000 100\" preserveAspectRatio=\"none\">\n\t<path class=\"elementor-shape-fill\" d=\"M738,99l262-93V0H0v5.6L738,99z\"\/>\n<\/svg>\t\t<\/div>\n\t\t\t\t\t<div class=\"elementor-container elementor-column-gap-default\">\n\t\t\t\t\t\t\t<div class=\"elementor-row\">\n\t\t\t\t\t<div class=\"elementor-column elementor-col-100 elementor-top-column elementor-element elementor-element-13f1f0d\" data-id=\"13f1f0d\" data-element_type=\"column\">\n\t\t\t<div class=\"elementor-column-wrap elementor-element-populated\">\n\t\t\t\t\t\t\t<div class=\"elementor-widget-wrap\">\n\t\t\t\t\t\t<div class=\"elementor-element elementor-element-0541ac8 elementor-widget elementor-widget-heading\" data-id=\"0541ac8\" data-element_type=\"widget\" data-widget_type=\"heading.default\">\n\t\t\t\t<div class=\"elementor-widget-container\">\n\t\t\t<h1 class=\"elementor-heading-title elementor-size-default\">Spinto Talent<\/h1>\t\t<\/div>\n\t\t\t\t<\/div>\n\t\t\t\t<div class=\"elementor-element elementor-element-0ff2756 elementor-widget-divider--view-line elementor-widget elementor-widget-divider\" data-id=\"0ff2756\" data-element_type=\"widget\" data-widget_type=\"divider.default\">\n\t\t\t\t<div class=\"elementor-widget-container\">\n\t\t\t\t\t<div class=\"elementor-divider\">\n\t\t\t<span class=\"elementor-divider-separator\">\n\t\t\t\t\t\t<\/span>\n\t\t<\/div>\n\t\t\t\t<\/div>\n\t\t\t\t<\/div>\n\t\t\t\t<div class=\"elementor-element elementor-element-a71aaee elementor-widget elementor-widget-text-editor\" data-id=\"a71aaee\" data-element_type=\"widget\" data-widget_type=\"text-editor.default\">\n\t\t\t\t<div class=\"elementor-widget-container\">\n\t\t\t\t\t\t\t\t<div class=\"elementor-text-editor elementor-clearfix\">\n\t\t\t\t<span style=\"font-weight: 400;\"><div>Representamos a artistas y creativos en M\u00e9xico y en el mundo.<\/div>\nNuestro objetivo es ser el brazo operativo para gestionar los compromisos de dichos artistas en M\u00e9xico y en otros pa\u00edses; representarlos ante autoridades e instancias culturales.<\/span>\t\t\t\t\t<\/div>\n\t\t\t\t\t\t<\/div>\n\t\t\t\t<\/div>\n\t\t\t\t\t\t<\/div>\n\t\t\t\t\t<\/div>\n\t\t<\/div>\n\t\t\t\t\t\t\t\t<\/div>\n\t\t\t\t\t<\/div>\n\t\t<\/section>\n\t\t\t\t<section class=\"elementor-section elementor-top-section elementor-element elementor-element-c9b4f87 elementor-section-boxed elementor-section-height-default elementor-section-height-default\" data-id=\"c9b4f87\" data-element_type=\"section\">\n\t\t\t\t\t\t<div class=\"elementor-container elementor-column-gap-default\">\n\t\t\t\t\t\t\t<div class=\"elementor-row\">\n\t\t\t\t\t<div class=\"elementor-column elementor-col-100 elementor-top-column elementor-element elementor-element-1fc4589\" data-id=\"1fc4589\" data-element_type=\"column\">\n\t\t\t<div class=\"elementor-column-wrap elementor-element-populated\">\n\t\t\t\t\t\t\t<div class=\"elementor-widget-wrap\">\n\t\t\t\t\t\t<section class=\"elementor-section elementor-inner-section elementor-element elementor-element-017ecc9 elementor-section-boxed elementor-section-height-default elementor-section-height-default\" data-id=\"017ecc9\" data-element_type=\"section\">\n\t\t\t\t\t\t<div class=\"elementor-container elementor-column-gap-default\">\n\t\t\t\t\t\t\t<div class=\"elementor-row\">\n\t\t\t\t\t<div class=\"elementor-column elementor-col-100 elementor-inner-column elementor-element elementor-element-c80c57c\" data-id=\"c80c57c\" data-element_type=\"column\">\n\t\t\t<div class=\"elementor-column-wrap elementor-element-populated\">\n\t\t\t\t\t\t\t<div class=\"elementor-widget-wrap\">\n\t\t\t\t\t\t<div class=\"elementor-element elementor-element-65230b5 elementor-widget elementor-widget-heading\" data-id=\"65230b5\" data-element_type=\"widget\" data-widget_type=\"heading.default\">\n\t\t\t\t<div class=\"elementor-widget-container\">\n\t\t\t<h1 class=\"elementor-heading-title elementor-size-default\">Servicios relacionados con Spinto Talent<\/h1>\t\t<\/div>\n\t\t\t\t<\/div>\n\t\t\t\t<div class=\"elementor-element elementor-element-4261b26 elementor-widget-divider--view-line elementor-widget elementor-widget-divider\" data-id=\"4261b26\" data-element_type=\"widget\" data-widget_type=\"divider.default\">\n\t\t\t\t<div class=\"elementor-widget-container\">\n\t\t\t\t\t<div class=\"elementor-divider\">\n\t\t\t<span class=\"elementor-divider-separator\">\n\t\t\t\t\t\t<\/span>\n\t\t<\/div>\n\t\t\t\t<\/div>\n\t\t\t\t<\/div>\n\t\t\t\t<div class=\"elementor-element elementor-element-74eb8f4 elementor-widget elementor-widget-text-editor\" data-id=\"74eb8f4\" data-element_type=\"widget\" data-widget_type=\"text-editor.default\">\n\t\t\t\t<div class=\"elementor-widget-container\">\n\t\t\t\t\t\t\t\t<div class=\"elementor-text-editor elementor-clearfix\">\n\t\t\t\t<p><a href=\"https:\/\/spintotalent.com\/es\" target=\"_blank\" rel=\"noopener\">https:\/\/spintotalent.com<\/a><\/p>\t\t\t\t\t<\/div>\n\t\t\t\t\t\t<\/div>\n\t\t\t\t<\/div>\n\t\t\t\t<div class=\"elementor-element elementor-element-b7ff1cd elementor-widget elementor-widget-heading\" data-id=\"b7ff1cd\" data-element_type=\"widget\" data-widget_type=\"heading.default\">\n\t\t\t\t<div class=\"elementor-widget-container\">\n\t\t\t<h3 class=\"elementor-heading-title elementor-size-default\">Greta Shelley<\/h3>\t\t<\/div>\n\t\t\t\t<\/div>\n\t\t\t\t\t\t<\/div>\n\t\t\t\t\t<\/div>\n\t\t<\/div>\n\t\t\t\t\t\t\t\t<\/div>\n\t\t\t\t\t<\/div>\n\t\t<\/section>\n\t\t\t\t<div class=\"elementor-element elementor-element-e3299cc elementor-widget elementor-widget-text-editor\" data-id=\"e3299cc\" data-element_type=\"widget\" data-widget_type=\"text-editor.default\">\n\t\t\t\t<div class=\"elementor-widget-container\">\n\t\t\t\t\t\t\t\t<div class=\"elementor-text-editor elementor-clearfix\">\n\t\t\t\t<p><a href=\"mailto:greta@spinto.com.mx\">greta@spinto.com.mx<\/a><\/p>\t\t\t\t\t<\/div>\n\t\t\t\t\t\t<\/div>\n\t\t\t\t<\/div>\n\t\t\t\t\t\t<\/div>\n\t\t\t\t\t<\/div>\n\t\t<\/div>\n\t\t\t\t\t\t\t\t<\/div>\n\t\t\t\t\t<\/div>\n\t\t<\/section>\n\t\t\t\t\t\t\t\t\t<\/div>\n\t\t\t<\/div>\n\t\t\t\t\t<\/div>\n\t\t","protected":false},"excerpt":{"rendered":"<p>Spinto Talent Representamos a artistas y creativos en M\u00e9xico y en el mundo. Nuestro objetivo es ser el brazo operativo para gestionar los compromisos de dichos artistas en M\u00e9xico y en otros pa\u00edses; representarlos ante autoridades e instancias culturales. Servicios relacionados con Spinto Talent https:\/\/spintotalent.com Greta Shelley greta@spinto.com.mx<\/p>\n","protected":false},"author":1,"featured_media":2719,"parent":0,"menu_order":0,"comment_status":"closed","ping_status":"closed","template":"","meta":{"site-sidebar-layout":"no-sidebar","site-content-layout":"page-builder","ast-main-header-display":"","ast-hfb-above-header-display":"","ast-hfb-below-header-display":"","ast-hfb-mobile-header-display":"","site-post-title":"disabled","ast-breadcrumbs-content":"","ast-featured-img":"disabled","footer-sml-layout":"","theme-transparent-header-meta":"enabled","adv-header-id-meta":"","stick-header-meta":"default","header-above-stick-meta":"","header-main-stick-meta":"","header-below-stick-meta":""},"yoast_head":"<!-- This site is optimized with the Yoast SEO plugin v18.1 - https:\/\/yoast.com\/wordpress\/plugins\/seo\/ -->\n<title>Spinto Talent - Spinto<\/title>\n<meta name=\"description\" content=\"Representamos a artistas y creativos en M\u00e9xico y en el mundo.Nuestro objetivo es ser el brazo operativo para gestionar los compromisos de dichos artistas.\" \/>\n<meta name=\"robots\" content=\"index, follow, max-snippet:-1, max-image-preview:large, max-video-preview:-1\" \/>\n<link rel=\"canonical\" href=\"https:\/\/spinto.com.mx\/es\/spinto-talent\/\" \/>\n<meta property=\"og:locale\" content=\"es_ES\" \/>\n<meta property=\"og:type\" content=\"article\" \/>\n<meta property=\"og:title\" content=\"Spinto Talent - Spinto\" \/>\n<meta property=\"og:description\" content=\"Representamos a artistas y creativos en M\u00e9xico y en el mundo.Nuestro objetivo es ser el brazo operativo para gestionar los compromisos de dichos artistas.\" \/>\n<meta property=\"og:url\" content=\"https:\/\/spinto.com.mx\/es\/spinto-talent\/\" \/>\n<meta property=\"og:site_name\" content=\"Spinto\" \/>\n<meta property=\"article:publisher\" content=\"https:\/\/www.facebook.com\/SpintoMX\/\" \/>\n<meta property=\"article:modified_time\" content=\"2021-01-16T16:08:15+00:00\" \/>\n<meta property=\"og:image\" content=\"https:\/\/spinto.com.mx\/wp-content\/uploads\/2020\/01\/Spinto-logo-fb.png\" \/>\n\t<meta property=\"og:image:width\" content=\"1200\" \/>\n\t<meta property=\"og:image:height\" content=\"630\" \/>\n\t<meta property=\"og:image:type\" content=\"image\/png\" \/>\n<meta name=\"twitter:card\" content=\"summary_large_image\" \/>\n<meta name=\"twitter:site\" content=\"@spintomx\" \/>\n<script type=\"application\/ld+json\" class=\"yoast-schema-graph\">{\"@context\":\"https:\/\/schema.org\",\"@graph\":[{\"@type\":\"WebSite\",\"@id\":\"https:\/\/spinto.com.mx\/es\/#website\",\"url\":\"https:\/\/spinto.com.mx\/es\/\",\"name\":\"Spinto\",\"description\":\"Despacho de Comunicaci\u00f3n y Negocios Estrat\u00e9gicos.\",\"potentialAction\":[{\"@type\":\"SearchAction\",\"target\":{\"@type\":\"EntryPoint\",\"urlTemplate\":\"https:\/\/spinto.com.mx\/es\/?s={search_term_string}\"},\"query-input\":\"required name=search_term_string\"}],\"inLanguage\":\"es\"},{\"@type\":\"ImageObject\",\"@id\":\"https:\/\/spinto.com.mx\/es\/spinto-talent\/#primaryimage\",\"inLanguage\":\"es\",\"url\":\"https:\/\/spinto.com.mx\/wp-content\/uploads\/2020\/01\/Spinto-logo-fb.png\",\"contentUrl\":\"https:\/\/spinto.com.mx\/wp-content\/uploads\/2020\/01\/Spinto-logo-fb.png\",\"width\":1200,\"height\":630},{\"@type\":\"WebPage\",\"@id\":\"https:\/\/spinto.com.mx\/es\/spinto-talent\/#webpage\",\"url\":\"https:\/\/spinto.com.mx\/es\/spinto-talent\/\",\"name\":\"Spinto Talent - Spinto\",\"isPartOf\":{\"@id\":\"https:\/\/spinto.com.mx\/es\/#website\"},\"primaryImageOfPage\":{\"@id\":\"https:\/\/spinto.com.mx\/es\/spinto-talent\/#primaryimage\"},\"datePublished\":\"2021-01-16T15:08:57+00:00\",\"dateModified\":\"2021-01-16T16:08:15+00:00\",\"description\":\"Representamos a artistas y creativos en M\u00e9xico y en el mundo.Nuestro objetivo es ser el brazo operativo para gestionar los compromisos de dichos artistas.\",\"breadcrumb\":{\"@id\":\"https:\/\/spinto.com.mx\/es\/spinto-talent\/#breadcrumb\"},\"inLanguage\":\"es\",\"potentialAction\":[{\"@type\":\"ReadAction\",\"target\":[\"https:\/\/spinto.com.mx\/es\/spinto-talent\/\"]}]},{\"@type\":\"BreadcrumbList\",\"@id\":\"https:\/\/spinto.com.mx\/es\/spinto-talent\/#breadcrumb\",\"itemListElement\":[{\"@type\":\"ListItem\",\"position\":1,\"name\":\"Home\",\"item\":\"https:\/\/spinto.com.mx\/es\/\"},{\"@type\":\"ListItem\",\"position\":2,\"name\":\"Spinto Talent\"}]}]}<\/script>\n<!-- \/ Yoast SEO plugin. -->","yoast_head_json":{"title":"Spinto Talent - Spinto","description":"Representamos a artistas y creativos en M\u00e9xico y en el mundo.Nuestro objetivo es ser el brazo operativo para gestionar los compromisos de dichos artistas.","robots":{"index":"index","follow":"follow","max-snippet":"max-snippet:-1","max-image-preview":"max-image-preview:large","max-video-preview":"max-video-preview:-1"},"canonical":"https:\/\/spinto.com.mx\/es\/spinto-talent\/","og_locale":"es_ES","og_type":"article","og_title":"Spinto Talent - Spinto","og_description":"Representamos a artistas y creativos en M\u00e9xico y en el mundo.Nuestro objetivo es ser el brazo operativo para gestionar los compromisos de dichos artistas.","og_url":"https:\/\/spinto.com.mx\/es\/spinto-talent\/","og_site_name":"Spinto","article_publisher":"https:\/\/www.facebook.com\/SpintoMX\/","article_modified_time":"2021-01-16T16:08:15+00:00","og_image":[{"width":1200,"height":630,"url":"https:\/\/spinto.com.mx\/wp-content\/uploads\/2020\/01\/Spinto-logo-fb.png","type":"image\/png"}],"twitter_card":"summary_large_image","twitter_site":"@spintomx","schema":{"@context":"https:\/\/schema.org","@graph":[{"@type":"WebSite","@id":"https:\/\/spinto.com.mx\/es\/#website","url":"https:\/\/spinto.com.mx\/es\/","name":"Spinto","description":"Despacho de Comunicaci\u00f3n y Negocios Estrat\u00e9gicos.","potentialAction":[{"@type":"SearchAction","target":{"@type":"EntryPoint","urlTemplate":"https:\/\/spinto.com.mx\/es\/?s={search_term_string}"},"query-input":"required name=search_term_string"}],"inLanguage":"es"},{"@type":"ImageObject","@id":"https:\/\/spinto.com.mx\/es\/spinto-talent\/#primaryimage","inLanguage":"es","url":"https:\/\/spinto.com.mx\/wp-content\/uploads\/2020\/01\/Spinto-logo-fb.png","contentUrl":"https:\/\/spinto.com.mx\/wp-content\/uploads\/2020\/01\/Spinto-logo-fb.png","width":1200,"height":630},{"@type":"WebPage","@id":"https:\/\/spinto.com.mx\/es\/spinto-talent\/#webpage","url":"https:\/\/spinto.com.mx\/es\/spinto-talent\/","name":"Spinto Talent - Spinto","isPartOf":{"@id":"https:\/\/spinto.com.mx\/es\/#website"},"primaryImageOfPage":{"@id":"https:\/\/spinto.com.mx\/es\/spinto-talent\/#primaryimage"},"datePublished":"2021-01-16T15:08:57+00:00","dateModified":"2021-01-16T16:08:15+00:00","description":"Representamos a artistas y creativos en M\u00e9xico y en el mundo.Nuestro objetivo es ser el brazo operativo para gestionar los compromisos de dichos artistas.","breadcrumb":{"@id":"https:\/\/spinto.com.mx\/es\/spinto-talent\/#breadcrumb"},"inLanguage":"es","potentialAction":[{"@type":"ReadAction","target":["https:\/\/spinto.com.mx\/es\/spinto-talent\/"]}]},{"@type":"BreadcrumbList","@id":"https:\/\/spinto.com.mx\/es\/spinto-talent\/#breadcrumb","itemListElement":[{"@type":"ListItem","position":1,"name":"Home","item":"https:\/\/spinto.com.mx\/es\/"},{"@type":"ListItem","position":2,"name":"Spinto Talent"}]}]}},"_links":{"self":[{"href":"https:\/\/spinto.com.mx\/es\/wp-json\/wp\/v2\/pages\/4112"}],"collection":[{"href":"https:\/\/spinto.com.mx\/es\/wp-json\/wp\/v2\/pages"}],"about":[{"href":"https:\/\/spinto.com.mx\/es\/wp-json\/wp\/v2\/types\/page"}],"author":[{"embeddable":true,"href":"https:\/\/spinto.com.mx\/es\/wp-json\/wp\/v2\/users\/1"}],"replies":[{"embeddable":true,"href":"https:\/\/spinto.com.mx\/es\/wp-json\/wp\/v2\/comments?post=4112"}],"version-history":[{"count":6,"href":"https:\/\/spinto.com.mx\/es\/wp-json\/wp\/v2\/pages\/4112\/revisions"}],"predecessor-version":[{"id":4145,"href":"https:\/\/spinto.com.mx\/es\/wp-json\/wp\/v2\/pages\/4112\/revisions\/4145"}],"wp:featuredmedia":[{"embeddable":true,"href":"https:\/\/spinto.com.mx\/es\/wp-json\/wp\/v2\/media\/2719"}],"wp:attachment":[{"href":"https:\/\/spinto.com.mx\/es\/wp-json\/wp\/v2\/media?parent=4112"}],"curies":[{"name":"wp","href":"https:\/\/api.w.org\/{rel}","templated":true}]}}