{"id":1456,"date":"2019-10-31T23:19:52","date_gmt":"2019-10-31T23:19:52","guid":{"rendered":"http:\/\/209.182.212.85\/~spintomexico\/?page_id=1456"},"modified":"2022-02-01T17:20:32","modified_gmt":"2022-02-01T23:20:32","slug":"proyectos","status":"publish","type":"page","link":"https:\/\/spinto.com.mx\/es\/proyectos\/","title":{"rendered":"Proyectos"},"content":{"rendered":"\t\t<div data-elementor-type=\"wp-post\" data-elementor-id=\"1456\" class=\"elementor elementor-1456\">\n\t\t\t\t\t\t<div class=\"elementor-inner\">\n\t\t\t\t<div class=\"elementor-section-wrap\">\n\t\t\t\t\t\t\t\t\t<section class=\"elementor-section elementor-top-section elementor-element elementor-element-c306c91 elementor-section-boxed elementor-section-height-default elementor-section-height-default\" data-id=\"c306c91\" data-element_type=\"section\" data-settings=\"{&quot;background_background&quot;:&quot;classic&quot;,&quot;background_motion_fx_motion_fx_scrolling&quot;:&quot;yes&quot;,&quot;background_motion_fx_translateY_effect&quot;:&quot;yes&quot;,&quot;shape_divider_bottom&quot;:&quot;triangle-asymmetrical&quot;,&quot;background_motion_fx_translateY_speed&quot;:{&quot;unit&quot;:&quot;px&quot;,&quot;size&quot;:4,&quot;sizes&quot;:[]},&quot;background_motion_fx_translateY_affectedRange&quot;:{&quot;unit&quot;:&quot;%&quot;,&quot;size&quot;:&quot;&quot;,&quot;sizes&quot;:{&quot;start&quot;:0,&quot;end&quot;:100}},&quot;background_motion_fx_devices&quot;:[&quot;desktop&quot;,&quot;tablet&quot;,&quot;mobile&quot;]}\">\n\t\t\t\t\t\t\t<div class=\"elementor-background-overlay\"><\/div>\n\t\t\t\t\t\t<div class=\"elementor-shape elementor-shape-bottom\" data-negative=\"false\">\n\t\t\t<svg xmlns=\"http:\/\/www.w3.org\/2000\/svg\" viewBox=\"0 0 1000 100\" preserveAspectRatio=\"none\">\n\t<path class=\"elementor-shape-fill\" d=\"M738,99l262-93V0H0v5.6L738,99z\"\/>\n<\/svg>\t\t<\/div>\n\t\t\t\t\t<div class=\"elementor-container elementor-column-gap-default\">\n\t\t\t\t\t\t\t<div class=\"elementor-row\">\n\t\t\t\t\t<div class=\"elementor-column elementor-col-100 elementor-top-column elementor-element elementor-element-13f1f0d\" data-id=\"13f1f0d\" data-element_type=\"column\">\n\t\t\t<div class=\"elementor-column-wrap elementor-element-populated\">\n\t\t\t\t\t\t\t<div class=\"elementor-widget-wrap\">\n\t\t\t\t\t\t<div class=\"elementor-element elementor-element-0541ac8 elementor-widget elementor-widget-heading\" data-id=\"0541ac8\" data-element_type=\"widget\" data-widget_type=\"heading.default\">\n\t\t\t\t<div class=\"elementor-widget-container\">\n\t\t\t<h1 class=\"elementor-heading-title elementor-size-default\">Proyectos<\/h1>\t\t<\/div>\n\t\t\t\t<\/div>\n\t\t\t\t<div class=\"elementor-element elementor-element-0ff2756 elementor-widget-divider--view-line elementor-widget elementor-widget-divider\" data-id=\"0ff2756\" data-element_type=\"widget\" data-widget_type=\"divider.default\">\n\t\t\t\t<div class=\"elementor-widget-container\">\n\t\t\t\t\t<div class=\"elementor-divider\">\n\t\t\t<span class=\"elementor-divider-separator\">\n\t\t\t\t\t\t<\/span>\n\t\t<\/div>\n\t\t\t\t<\/div>\n\t\t\t\t<\/div>\n\t\t\t\t<div class=\"elementor-element elementor-element-a71aaee elementor-widget elementor-widget-text-editor\" data-id=\"a71aaee\" data-element_type=\"widget\" data-widget_type=\"text-editor.default\">\n\t\t\t\t<div class=\"elementor-widget-container\">\n\t\t\t\t\t\t\t\t<div class=\"elementor-text-editor elementor-clearfix\">\n\t\t\t\t<div>\n<p>Ambas socias suman m\u00e1s de 20 a\u00f1os de experiencia en Relaciones P\u00fablicas y Comunicaci\u00f3n Corporativa. Melissa desde el lado del emprendedor en su anterior agencia de Relaciones P\u00fablicas y tambi\u00e9n como medio de comunicaci\u00f3n, pues desde hace 7 a\u00f1os forma parte del talento de la estaci\u00f3n WRadio. Greta tuvo puestos de alta responsabilidad tanto en la sector p\u00fablico en la Canciller\u00eda y ProM\u00e9xico Suiza as\u00ed como en el sector privado: Kissenger McLarty Associates, Michael Storrs Music y Zimat Consultores.<\/p>\n<\/div>\t\t\t\t\t<\/div>\n\t\t\t\t\t\t<\/div>\n\t\t\t\t<\/div>\n\t\t\t\t\t\t<\/div>\n\t\t\t\t\t<\/div>\n\t\t<\/div>\n\t\t\t\t\t\t\t\t<\/div>\n\t\t\t\t\t<\/div>\n\t\t<\/section>\n\t\t\t\t<section class=\"elementor-section elementor-top-section elementor-element elementor-element-c9b4f87 elementor-section-boxed elementor-section-height-default elementor-section-height-default\" data-id=\"c9b4f87\" data-element_type=\"section\">\n\t\t\t\t\t\t<div class=\"elementor-container elementor-column-gap-default\">\n\t\t\t\t\t\t\t<div class=\"elementor-row\">\n\t\t\t\t\t<div class=\"elementor-column elementor-col-100 elementor-top-column elementor-element elementor-element-1fc4589\" data-id=\"1fc4589\" data-element_type=\"column\">\n\t\t\t<div class=\"elementor-column-wrap elementor-element-populated\">\n\t\t\t\t\t\t\t<div class=\"elementor-widget-wrap\">\n\t\t\t\t\t\t<div class=\"elementor-element elementor-element-088d912 elementor-grid-3 elementor-grid-tablet-2 elementor-grid-mobile-1 elementor-posts--thumbnail-top elementor-card-shadow-yes elementor-posts__hover-gradient elementor-widget elementor-widget-posts\" data-id=\"088d912\" data-element_type=\"widget\" data-settings=\"{&quot;cards_row_gap&quot;:{&quot;unit&quot;:&quot;px&quot;,&quot;size&quot;:25,&quot;sizes&quot;:[]},&quot;pagination_type&quot;:&quot;numbers&quot;,&quot;cards_columns&quot;:&quot;3&quot;,&quot;cards_columns_tablet&quot;:&quot;2&quot;,&quot;cards_columns_mobile&quot;:&quot;1&quot;,&quot;cards_row_gap_tablet&quot;:{&quot;unit&quot;:&quot;px&quot;,&quot;size&quot;:&quot;&quot;,&quot;sizes&quot;:[]},&quot;cards_row_gap_mobile&quot;:{&quot;unit&quot;:&quot;px&quot;,&quot;size&quot;:&quot;&quot;,&quot;sizes&quot;:[]}}\" data-widget_type=\"posts.cards\">\n\t\t\t\t<div class=\"elementor-widget-container\">\n\t\t\t\t\t<div class=\"elementor-posts-container elementor-posts elementor-posts--skin-cards elementor-grid\">\n\t\t\t\t<article class=\"elementor-post elementor-grid-item post-1473 post type-post status-publish format-standard has-post-thumbnail hentry category-relaciones-publicas\">\n\t\t\t<div class=\"elementor-post__card\">\n\t\t\t\t<a class=\"elementor-post__thumbnail__link\" href=\"https:\/\/spinto.com.mx\/es\/takeda\/\" ><div class=\"elementor-post__thumbnail\"><img width=\"800\" height=\"533\" src=\"https:\/\/spinto.com.mx\/wp-content\/uploads\/2019\/10\/Takeda-800x533.jpg\" class=\"attachment-medium size-medium wp-image-1477\" alt=\"\" srcset=\"https:\/\/spinto.com.mx\/wp-content\/uploads\/2019\/10\/Takeda-800x533.jpg 800w, https:\/\/spinto.com.mx\/wp-content\/uploads\/2019\/10\/Takeda-768x512.jpg 768w, https:\/\/spinto.com.mx\/wp-content\/uploads\/2019\/10\/Takeda.jpg 900w\" sizes=\"(max-width: 800px) 100vw, 800px\" \/><\/div><\/a>\n\t\t\t\t<div class=\"elementor-post__badge\">Relaciones P\u00fablicas<\/div>\n\t\t\t\t<div class=\"elementor-post__text\">\n\t\t\t\t<h3 class=\"elementor-post__title\">\n\t\t\t<a href=\"https:\/\/spinto.com.mx\/es\/takeda\/\" >\n\t\t\t\tTakeda\t\t\t<\/a>\n\t\t<\/h3>\n\t\t\t\t<div class=\"elementor-post__excerpt\">\n\t\t\t<p>Creamos una estrat\u00e9gia de posicionamiento para la farmac\u00e9utica donde \u00fanicamente se mencionan los padecimientos para los que desarrolla medicamentos. <\/p>\n\t\t<\/div>\n\t\t\t\t<\/div>\n\t\t\t\t\t<\/div>\n\t\t<\/article>\n\t\t\t\t<article class=\"elementor-post elementor-grid-item post-2040 post type-post status-publish format-standard has-post-thumbnail hentry category-alianzas-estrategicas\">\n\t\t\t<div class=\"elementor-post__card\">\n\t\t\t\t<a class=\"elementor-post__thumbnail__link\" href=\"https:\/\/spinto.com.mx\/es\/javier-camarena-sismo\/\" ><div class=\"elementor-post__thumbnail\"><img width=\"800\" height=\"530\" src=\"https:\/\/spinto.com.mx\/wp-content\/uploads\/2019\/11\/Spinto-Javier-Camarena-Proyectos-800x530.jpg\" class=\"attachment-medium size-medium wp-image-1999\" alt=\"Spinto Javier Camarena, Tenor\" srcset=\"https:\/\/spinto.com.mx\/wp-content\/uploads\/2019\/11\/Spinto-Javier-Camarena-Proyectos-800x530.jpg 800w, https:\/\/spinto.com.mx\/wp-content\/uploads\/2019\/11\/Spinto-Javier-Camarena-Proyectos-1024x678.jpg 1024w, https:\/\/spinto.com.mx\/wp-content\/uploads\/2019\/11\/Spinto-Javier-Camarena-Proyectos-768x509.jpg 768w, https:\/\/spinto.com.mx\/wp-content\/uploads\/2019\/11\/Spinto-Javier-Camarena-Proyectos.jpg 1473w\" sizes=\"(max-width: 800px) 100vw, 800px\" \/><\/div><\/a>\n\t\t\t\t<div class=\"elementor-post__badge\">Alianzas Estrat\u00e9gicas<\/div>\n\t\t\t\t<div class=\"elementor-post__text\">\n\t\t\t\t<h3 class=\"elementor-post__title\">\n\t\t\t<a href=\"https:\/\/spinto.com.mx\/es\/javier-camarena-sismo\/\" >\n\t\t\t\tGalas de Javier Camarena\t\t\t<\/a>\n\t\t<\/h3>\n\t\t\t\t<div class=\"elementor-post__excerpt\">\n\t\t\t<p>El gran reto de Spinto fue la organizaci\u00f3n de estas galas en conjunto con la \u00f3pera de Bellas Artes. <\/p>\n\t\t<\/div>\n\t\t\t\t<\/div>\n\t\t\t\t\t<\/div>\n\t\t<\/article>\n\t\t\t\t<article class=\"elementor-post elementor-grid-item post-112 post type-post status-publish format-standard has-post-thumbnail hentry category-posicionamiento\">\n\t\t\t<div class=\"elementor-post__card\">\n\t\t\t\t<a class=\"elementor-post__thumbnail__link\" href=\"https:\/\/spinto.com.mx\/es\/divacup\/\" ><div class=\"elementor-post__thumbnail\"><img width=\"800\" height=\"444\" src=\"https:\/\/spinto.com.mx\/wp-content\/uploads\/2019\/10\/Diva-Cup-Proyecto-Spinto-800x444-1.jpg\" class=\"attachment-medium size-medium wp-image-2394\" alt=\"\" srcset=\"https:\/\/spinto.com.mx\/wp-content\/uploads\/2019\/10\/Diva-Cup-Proyecto-Spinto-800x444-1.jpg 800w, https:\/\/spinto.com.mx\/wp-content\/uploads\/2019\/10\/Diva-Cup-Proyecto-Spinto-800x444-1-768x426.jpg 768w\" sizes=\"(max-width: 800px) 100vw, 800px\" \/><\/div><\/a>\n\t\t\t\t<div class=\"elementor-post__badge\">Posicionamiento<\/div>\n\t\t\t\t<div class=\"elementor-post__text\">\n\t\t\t\t<h3 class=\"elementor-post__title\">\n\t\t\t<a href=\"https:\/\/spinto.com.mx\/es\/divacup\/\" >\n\t\t\t\tDivaCup\t\t\t<\/a>\n\t\t<\/h3>\n\t\t\t\t<div class=\"elementor-post__excerpt\">\n\t\t\t<p>DivaCup es la primer copa menstrual que lleg\u00e1 a M\u00e9xico avalada por la COFEPRIS.<\/p>\n\t\t<\/div>\n\t\t\t\t<\/div>\n\t\t\t\t\t<\/div>\n\t\t<\/article>\n\t\t\t\t<\/div>\n\t\t\n\t\t\t\t<\/div>\n\t\t\t\t<\/div>\n\t\t\t\t\t\t<\/div>\n\t\t\t\t\t<\/div>\n\t\t<\/div>\n\t\t\t\t\t\t\t\t<\/div>\n\t\t\t\t\t<\/div>\n\t\t<\/section>\n\t\t\t\t\t\t\t\t\t<\/div>\n\t\t\t<\/div>\n\t\t\t\t\t<\/div>\n\t\t","protected":false},"excerpt":{"rendered":"<p>Proyectos Ambas socias suman m\u00e1s de 20 a\u00f1os de experiencia en Relaciones P\u00fablicas y Comunicaci\u00f3n Corporativa. Melissa desde el lado del emprendedor en su anterior agencia de Relaciones P\u00fablicas y tambi\u00e9n como medio de comunicaci\u00f3n, pues desde hace 7 a\u00f1os forma parte del talento de la estaci\u00f3n WRadio. Greta tuvo puestos de alta responsabilidad tanto &hellip;<\/p>\n<p class=\"read-more\"> <a class=\"\" href=\"https:\/\/spinto.com.mx\/es\/divacup\/\"> <span class=\"screen-reader-text\">DivaCup<\/span> Leer m\u00e1s \u00bb<\/a><\/p>\n","protected":false},"author":1,"featured_media":2719,"parent":0,"menu_order":0,"comment_status":"closed","ping_status":"closed","template":"","meta":{"site-sidebar-layout":"no-sidebar","site-content-layout":"page-builder","ast-main-header-display":"","ast-hfb-above-header-display":"","ast-hfb-below-header-display":"","ast-hfb-mobile-header-display":"","site-post-title":"disabled","ast-breadcrumbs-content":"","ast-featured-img":"disabled","footer-sml-layout":"","theme-transparent-header-meta":"enabled","adv-header-id-meta":"","stick-header-meta":"default","header-above-stick-meta":"","header-main-stick-meta":"","header-below-stick-meta":""},"yoast_head":"<!-- This site is optimized with the Yoast SEO plugin v18.1 - https:\/\/yoast.com\/wordpress\/plugins\/seo\/ -->\n<title>Proyectos - Spinto<\/title>\n<meta name=\"description\" content=\"Ambas socias de Spinto, Melissa Mochulske y Greta Shelley suman m\u00e1s de 20 a\u00f1os de experiencia en Relaciones P\u00fablicas y Comunicaci\u00f3n Corporativa.\" \/>\n<meta name=\"robots\" content=\"index, follow, max-snippet:-1, max-image-preview:large, max-video-preview:-1\" \/>\n<link rel=\"canonical\" href=\"https:\/\/spinto.com.mx\/es\/proyectos\/\" \/>\n<meta property=\"og:locale\" content=\"es_ES\" \/>\n<meta property=\"og:type\" content=\"article\" \/>\n<meta property=\"og:title\" content=\"Proyectos - Spinto\" \/>\n<meta property=\"og:description\" content=\"Ambas socias de Spinto, Melissa Mochulske y Greta Shelley suman m\u00e1s de 20 a\u00f1os de experiencia en Relaciones P\u00fablicas y Comunicaci\u00f3n Corporativa.\" \/>\n<meta property=\"og:url\" content=\"https:\/\/spinto.com.mx\/es\/proyectos\/\" \/>\n<meta property=\"og:site_name\" content=\"Spinto\" \/>\n<meta property=\"article:publisher\" content=\"https:\/\/www.facebook.com\/SpintoMX\/\" \/>\n<meta property=\"article:modified_time\" content=\"2022-02-01T23:20:32+00:00\" \/>\n<meta property=\"og:image\" content=\"https:\/\/spinto.com.mx\/wp-content\/uploads\/2020\/01\/Spinto-logo-fb.png\" \/>\n\t<meta property=\"og:image:width\" content=\"1200\" \/>\n\t<meta property=\"og:image:height\" content=\"630\" \/>\n\t<meta property=\"og:image:type\" content=\"image\/png\" \/>\n<meta name=\"twitter:card\" content=\"summary_large_image\" \/>\n<meta name=\"twitter:site\" content=\"@spintomx\" \/>\n<meta name=\"twitter:label1\" content=\"Tiempo de lectura\" \/>\n\t<meta name=\"twitter:data1\" content=\"1 minuto\" \/>\n<script type=\"application\/ld+json\" class=\"yoast-schema-graph\">{\"@context\":\"https:\/\/schema.org\",\"@graph\":[{\"@type\":\"WebSite\",\"@id\":\"https:\/\/spinto.com.mx\/es\/#website\",\"url\":\"https:\/\/spinto.com.mx\/es\/\",\"name\":\"Spinto\",\"description\":\"Despacho de Comunicaci\u00f3n y Negocios Estrat\u00e9gicos.\",\"potentialAction\":[{\"@type\":\"SearchAction\",\"target\":{\"@type\":\"EntryPoint\",\"urlTemplate\":\"https:\/\/spinto.com.mx\/es\/?s={search_term_string}\"},\"query-input\":\"required name=search_term_string\"}],\"inLanguage\":\"es\"},{\"@type\":\"ImageObject\",\"@id\":\"https:\/\/spinto.com.mx\/es\/proyectos\/#primaryimage\",\"inLanguage\":\"es\",\"url\":\"https:\/\/spinto.com.mx\/wp-content\/uploads\/2020\/01\/Spinto-logo-fb.png\",\"contentUrl\":\"https:\/\/spinto.com.mx\/wp-content\/uploads\/2020\/01\/Spinto-logo-fb.png\",\"width\":1200,\"height\":630},{\"@type\":\"WebPage\",\"@id\":\"https:\/\/spinto.com.mx\/es\/proyectos\/#webpage\",\"url\":\"https:\/\/spinto.com.mx\/es\/proyectos\/\",\"name\":\"Proyectos - Spinto\",\"isPartOf\":{\"@id\":\"https:\/\/spinto.com.mx\/es\/#website\"},\"primaryImageOfPage\":{\"@id\":\"https:\/\/spinto.com.mx\/es\/proyectos\/#primaryimage\"},\"datePublished\":\"2019-10-31T23:19:52+00:00\",\"dateModified\":\"2022-02-01T23:20:32+00:00\",\"description\":\"Ambas socias de Spinto, Melissa Mochulske y Greta Shelley suman m\u00e1s de 20 a\u00f1os de experiencia en Relaciones P\u00fablicas y Comunicaci\u00f3n Corporativa.\",\"breadcrumb\":{\"@id\":\"https:\/\/spinto.com.mx\/es\/proyectos\/#breadcrumb\"},\"inLanguage\":\"es\",\"potentialAction\":[{\"@type\":\"ReadAction\",\"target\":[\"https:\/\/spinto.com.mx\/es\/proyectos\/\"]}]},{\"@type\":\"BreadcrumbList\",\"@id\":\"https:\/\/spinto.com.mx\/es\/proyectos\/#breadcrumb\",\"itemListElement\":[{\"@type\":\"ListItem\",\"position\":1,\"name\":\"Home\",\"item\":\"https:\/\/spinto.com.mx\/es\/\"},{\"@type\":\"ListItem\",\"position\":2,\"name\":\"Proyectos\"}]}]}<\/script>\n<!-- \/ Yoast SEO plugin. -->","yoast_head_json":{"title":"Proyectos - Spinto","description":"Ambas socias de Spinto, Melissa Mochulske y Greta Shelley suman m\u00e1s de 20 a\u00f1os de experiencia en Relaciones P\u00fablicas y Comunicaci\u00f3n Corporativa.","robots":{"index":"index","follow":"follow","max-snippet":"max-snippet:-1","max-image-preview":"max-image-preview:large","max-video-preview":"max-video-preview:-1"},"canonical":"https:\/\/spinto.com.mx\/es\/proyectos\/","og_locale":"es_ES","og_type":"article","og_title":"Proyectos - Spinto","og_description":"Ambas socias de Spinto, Melissa Mochulske y Greta Shelley suman m\u00e1s de 20 a\u00f1os de experiencia en Relaciones P\u00fablicas y Comunicaci\u00f3n Corporativa.","og_url":"https:\/\/spinto.com.mx\/es\/proyectos\/","og_site_name":"Spinto","article_publisher":"https:\/\/www.facebook.com\/SpintoMX\/","article_modified_time":"2022-02-01T23:20:32+00:00","og_image":[{"width":1200,"height":630,"url":"https:\/\/spinto.com.mx\/wp-content\/uploads\/2020\/01\/Spinto-logo-fb.png","type":"image\/png"}],"twitter_card":"summary_large_image","twitter_site":"@spintomx","twitter_misc":{"Tiempo de lectura":"1 minuto"},"schema":{"@context":"https:\/\/schema.org","@graph":[{"@type":"WebSite","@id":"https:\/\/spinto.com.mx\/es\/#website","url":"https:\/\/spinto.com.mx\/es\/","name":"Spinto","description":"Despacho de Comunicaci\u00f3n y Negocios Estrat\u00e9gicos.","potentialAction":[{"@type":"SearchAction","target":{"@type":"EntryPoint","urlTemplate":"https:\/\/spinto.com.mx\/es\/?s={search_term_string}"},"query-input":"required name=search_term_string"}],"inLanguage":"es"},{"@type":"ImageObject","@id":"https:\/\/spinto.com.mx\/es\/proyectos\/#primaryimage","inLanguage":"es","url":"https:\/\/spinto.com.mx\/wp-content\/uploads\/2020\/01\/Spinto-logo-fb.png","contentUrl":"https:\/\/spinto.com.mx\/wp-content\/uploads\/2020\/01\/Spinto-logo-fb.png","width":1200,"height":630},{"@type":"WebPage","@id":"https:\/\/spinto.com.mx\/es\/proyectos\/#webpage","url":"https:\/\/spinto.com.mx\/es\/proyectos\/","name":"Proyectos - Spinto","isPartOf":{"@id":"https:\/\/spinto.com.mx\/es\/#website"},"primaryImageOfPage":{"@id":"https:\/\/spinto.com.mx\/es\/proyectos\/#primaryimage"},"datePublished":"2019-10-31T23:19:52+00:00","dateModified":"2022-02-01T23:20:32+00:00","description":"Ambas socias de Spinto, Melissa Mochulske y Greta Shelley suman m\u00e1s de 20 a\u00f1os de experiencia en Relaciones P\u00fablicas y Comunicaci\u00f3n Corporativa.","breadcrumb":{"@id":"https:\/\/spinto.com.mx\/es\/proyectos\/#breadcrumb"},"inLanguage":"es","potentialAction":[{"@type":"ReadAction","target":["https:\/\/spinto.com.mx\/es\/proyectos\/"]}]},{"@type":"BreadcrumbList","@id":"https:\/\/spinto.com.mx\/es\/proyectos\/#breadcrumb","itemListElement":[{"@type":"ListItem","position":1,"name":"Home","item":"https:\/\/spinto.com.mx\/es\/"},{"@type":"ListItem","position":2,"name":"Proyectos"}]}]}},"_links":{"self":[{"href":"https:\/\/spinto.com.mx\/es\/wp-json\/wp\/v2\/pages\/1456"}],"collection":[{"href":"https:\/\/spinto.com.mx\/es\/wp-json\/wp\/v2\/pages"}],"about":[{"href":"https:\/\/spinto.com.mx\/es\/wp-json\/wp\/v2\/types\/page"}],"author":[{"embeddable":true,"href":"https:\/\/spinto.com.mx\/es\/wp-json\/wp\/v2\/users\/1"}],"replies":[{"embeddable":true,"href":"https:\/\/spinto.com.mx\/es\/wp-json\/wp\/v2\/comments?post=1456"}],"version-history":[{"count":5,"href":"https:\/\/spinto.com.mx\/es\/wp-json\/wp\/v2\/pages\/1456\/revisions"}],"predecessor-version":[{"id":4369,"href":"https:\/\/spinto.com.mx\/es\/wp-json\/wp\/v2\/pages\/1456\/revisions\/4369"}],"wp:featuredmedia":[{"embeddable":true,"href":"https:\/\/spinto.com.mx\/es\/wp-json\/wp\/v2\/media\/2719"}],"wp:attachment":[{"href":"https:\/\/spinto.com.mx\/es\/wp-json\/wp\/v2\/media?parent=1456"}],"curies":[{"name":"wp","href":"https:\/\/api.w.org\/{rel}","templated":true}]}}