{"id":1095,"date":"2019-10-23T13:27:48","date_gmt":"2019-10-23T13:27:48","guid":{"rendered":"http:\/\/209.182.212.85\/~spintomexico\/?page_id=1095"},"modified":"2021-01-16T10:35:05","modified_gmt":"2021-01-16T16:35:05","slug":"melissa-mochulske","status":"publish","type":"page","link":"https:\/\/spinto.com.mx\/es\/melissa-mochulske\/","title":{"rendered":"Melissa Mochulske"},"content":{"rendered":"\t\t<div data-elementor-type=\"wp-page\" data-elementor-id=\"1095\" class=\"elementor elementor-1095\">\n\t\t\t\t\t\t<div class=\"elementor-inner\">\n\t\t\t\t<div class=\"elementor-section-wrap\">\n\t\t\t\t\t\t\t\t\t<section class=\"elementor-section elementor-top-section elementor-element elementor-element-9d49475 elementor-section-boxed elementor-section-height-default elementor-section-height-default\" data-id=\"9d49475\" data-element_type=\"section\" data-settings=\"{&quot;background_background&quot;:&quot;classic&quot;}\">\n\t\t\t\t\t\t<div class=\"elementor-container elementor-column-gap-default\">\n\t\t\t\t\t\t\t<div class=\"elementor-row\">\n\t\t\t\t\t<div class=\"elementor-column elementor-col-50 elementor-top-column elementor-element elementor-element-f8a9a6e\" data-id=\"f8a9a6e\" data-element_type=\"column\" data-settings=\"{&quot;background_background&quot;:&quot;classic&quot;}\">\n\t\t\t<div class=\"elementor-column-wrap elementor-element-populated\">\n\t\t\t\t\t\t\t<div class=\"elementor-widget-wrap\">\n\t\t\t\t\t\t<section class=\"elementor-section elementor-inner-section elementor-element elementor-element-d9feaec elementor-section-content-bottom elementor-section-boxed elementor-section-height-default elementor-section-height-default\" data-id=\"d9feaec\" data-element_type=\"section\">\n\t\t\t\t\t\t<div class=\"elementor-container elementor-column-gap-default\">\n\t\t\t\t\t\t\t<div class=\"elementor-row\">\n\t\t\t\t\t<div class=\"elementor-column elementor-col-100 elementor-inner-column elementor-element elementor-element-ee63f52\" data-id=\"ee63f52\" data-element_type=\"column\">\n\t\t\t<div class=\"elementor-column-wrap elementor-element-populated\">\n\t\t\t\t\t\t\t<div class=\"elementor-widget-wrap\">\n\t\t\t\t\t\t<div class=\"elementor-element elementor-element-0427632 elementor-widget elementor-widget-heading\" data-id=\"0427632\" data-element_type=\"widget\" data-widget_type=\"heading.default\">\n\t\t\t\t<div class=\"elementor-widget-container\">\n\t\t\t<h2 class=\"elementor-heading-title elementor-size-default\">Melissa Mochulske<\/h2>\t\t<\/div>\n\t\t\t\t<\/div>\n\t\t\t\t<div class=\"elementor-element elementor-element-080b48e elementor-widget elementor-widget-heading\" data-id=\"080b48e\" data-element_type=\"widget\" data-widget_type=\"heading.default\">\n\t\t\t\t<div class=\"elementor-widget-container\">\n\t\t\t<h2 class=\"elementor-heading-title elementor-size-default\">CEO Spinto<\/h2>\t\t<\/div>\n\t\t\t\t<\/div>\n\t\t\t\t\t\t<\/div>\n\t\t\t\t\t<\/div>\n\t\t<\/div>\n\t\t\t\t\t\t\t\t<\/div>\n\t\t\t\t\t<\/div>\n\t\t<\/section>\n\t\t\t\t<div class=\"elementor-element elementor-element-5087fef elementor-widget-divider--view-line elementor-widget elementor-widget-divider\" data-id=\"5087fef\" data-element_type=\"widget\" data-widget_type=\"divider.default\">\n\t\t\t\t<div class=\"elementor-widget-container\">\n\t\t\t\t\t<div class=\"elementor-divider\">\n\t\t\t<span class=\"elementor-divider-separator\">\n\t\t\t\t\t\t<\/span>\n\t\t<\/div>\n\t\t\t\t<\/div>\n\t\t\t\t<\/div>\n\t\t\t\t<div class=\"elementor-element elementor-element-d72b8d8 elementor-widget elementor-widget-text-editor\" data-id=\"d72b8d8\" data-element_type=\"widget\" data-widget_type=\"text-editor.default\">\n\t\t\t\t<div class=\"elementor-widget-container\">\n\t\t\t\t\t\t\t\t<div class=\"elementor-text-editor elementor-clearfix\">\n\t\t\t\t<p>Licenciada en Comunicaci\u00f3n por la Universidad Iberoamericana, especializada en investigaci\u00f3n de medios y mercados.<\/p>\t\t\t\t\t<\/div>\n\t\t\t\t\t\t<\/div>\n\t\t\t\t<\/div>\n\t\t\t\t<div class=\"elementor-element elementor-element-2a274fa e-grid-align-left elementor-shape-rounded elementor-grid-0 elementor-widget elementor-widget-social-icons\" data-id=\"2a274fa\" data-element_type=\"widget\" data-widget_type=\"social-icons.default\">\n\t\t\t\t<div class=\"elementor-widget-container\">\n\t\t\t\t\t<div class=\"elementor-social-icons-wrapper elementor-grid\">\n\t\t\t\t\t\t\t<span class=\"elementor-grid-item\">\n\t\t\t\t\t<a class=\"elementor-icon elementor-social-icon elementor-social-icon-linkedin elementor-repeater-item-44d21fc\" href=\"https:\/\/www.linkedin.com\/in\/melissa-mochulske-05a99b24\/\" target=\"_blank\">\n\t\t\t\t\t\t<span class=\"elementor-screen-only\">Linkedin<\/span>\n\t\t\t\t\t\t<i class=\"fab fa-linkedin\"><\/i>\t\t\t\t\t<\/a>\n\t\t\t\t<\/span>\n\t\t\t\t\t\t\t<span class=\"elementor-grid-item\">\n\t\t\t\t\t<a class=\"elementor-icon elementor-social-icon elementor-social-icon-instagram elementor-repeater-item-1a488d6\" href=\"https:\/\/www.instagram.com\/melissamoch\/\" target=\"_blank\">\n\t\t\t\t\t\t<span class=\"elementor-screen-only\">Instagram<\/span>\n\t\t\t\t\t\t<i class=\"fab fa-instagram\"><\/i>\t\t\t\t\t<\/a>\n\t\t\t\t<\/span>\n\t\t\t\t\t\t\t<span class=\"elementor-grid-item\">\n\t\t\t\t\t<a class=\"elementor-icon elementor-social-icon elementor-social-icon-twitter elementor-repeater-item-761c96b\" href=\"https:\/\/twitter.com\/MelissaMoch\" target=\"_blank\">\n\t\t\t\t\t\t<span class=\"elementor-screen-only\">Twitter<\/span>\n\t\t\t\t\t\t<i class=\"fab fa-twitter\"><\/i>\t\t\t\t\t<\/a>\n\t\t\t\t<\/span>\n\t\t\t\t\t<\/div>\n\t\t\t\t<\/div>\n\t\t\t\t<\/div>\n\t\t\t\t\t\t<\/div>\n\t\t\t\t\t<\/div>\n\t\t<\/div>\n\t\t\t\t<div class=\"elementor-column elementor-col-50 elementor-top-column elementor-element elementor-element-ff3c0cf\" data-id=\"ff3c0cf\" data-element_type=\"column\" data-settings=\"{&quot;background_background&quot;:&quot;classic&quot;}\">\n\t\t\t<div class=\"elementor-column-wrap elementor-element-populated\">\n\t\t\t\t\t\t\t<div class=\"elementor-widget-wrap\">\n\t\t\t\t\t\t<div class=\"elementor-element elementor-element-14e87c7 elementor-widget elementor-widget-spacer\" data-id=\"14e87c7\" data-element_type=\"widget\" data-widget_type=\"spacer.default\">\n\t\t\t\t<div class=\"elementor-widget-container\">\n\t\t\t\t\t<div class=\"elementor-spacer\">\n\t\t\t<div class=\"elementor-spacer-inner\"><\/div>\n\t\t<\/div>\n\t\t\t\t<\/div>\n\t\t\t\t<\/div>\n\t\t\t\t\t\t<\/div>\n\t\t\t\t\t<\/div>\n\t\t<\/div>\n\t\t\t\t\t\t\t\t<\/div>\n\t\t\t\t\t<\/div>\n\t\t<\/section>\n\t\t\t\t<section class=\"elementor-section elementor-top-section elementor-element elementor-element-bfa4adb elementor-section-boxed elementor-section-height-default elementor-section-height-default\" data-id=\"bfa4adb\" data-element_type=\"section\">\n\t\t\t\t\t\t<div class=\"elementor-container elementor-column-gap-default\">\n\t\t\t\t\t\t\t<div class=\"elementor-row\">\n\t\t\t\t\t<div class=\"elementor-column elementor-col-50 elementor-top-column elementor-element elementor-element-5522086\" data-id=\"5522086\" data-element_type=\"column\">\n\t\t\t<div class=\"elementor-column-wrap\">\n\t\t\t\t\t\t\t<div class=\"elementor-widget-wrap\">\n\t\t\t\t\t\t\t\t<\/div>\n\t\t\t\t\t<\/div>\n\t\t<\/div>\n\t\t\t\t<div class=\"elementor-column elementor-col-50 elementor-top-column elementor-element elementor-element-36cdbe4\" data-id=\"36cdbe4\" data-element_type=\"column\">\n\t\t\t<div class=\"elementor-column-wrap elementor-element-populated\">\n\t\t\t\t\t\t\t<div class=\"elementor-widget-wrap\">\n\t\t\t\t\t\t<div class=\"elementor-element elementor-element-d6b571c elementor-widget elementor-widget-text-editor\" data-id=\"d6b571c\" data-element_type=\"widget\" data-widget_type=\"text-editor.default\">\n\t\t\t\t<div class=\"elementor-widget-container\">\n\t\t\t\t\t\t\t\t<div class=\"elementor-text-editor elementor-clearfix\">\n\t\t\t\t<div>Tras 4 a\u00f1os como A&#038;R (Artists&#038;Repertoire) en EMI Music con artistas como: RBD, Aleks Syntek, Ely Guerra, Fey, Plastilina Mosh, Eiza Gonz\u00e1lez, Chetes, Diego Boneta, entre otros, migr\u00f3 al mundo del PR de la mano de 20th Century Fox Home y Fox Sports.<\/div>\n<br>\n<div>En 2008, se convirti\u00f3 en una de las fundadoras de la agencia Eureka&#038;Co., en donde a lo largo de 9 a\u00f1os estuvo al frente de la estrategia de comunicaci\u00f3n de empresas como: SAP, Zurich Insurance Group, Cruz Roja Mexicana, Renault, Hoteles Marriott, Cerveceros de M\u00e9xico, Cartoon Network, Nokia, Orange Theory Fitness, 54D, Televisa Radio, Televisa Novelas, DJI Drones, Universal Pictures, Sony Pictures, entre otras.<\/div>\t\t\t\t\t<\/div>\n\t\t\t\t\t\t<\/div>\n\t\t\t\t<\/div>\n\t\t\t\t\t\t<\/div>\n\t\t\t\t\t<\/div>\n\t\t<\/div>\n\t\t\t\t\t\t\t\t<\/div>\n\t\t\t\t\t<\/div>\n\t\t<\/section>\n\t\t\t\t<section class=\"elementor-section elementor-inner-section elementor-element elementor-element-54bfc00 animated-slow elementor-section-boxed elementor-section-height-default elementor-section-height-default elementor-invisible\" data-id=\"54bfc00\" data-element_type=\"section\" data-settings=\"{&quot;animation&quot;:&quot;fadeInLeft&quot;}\">\n\t\t\t\t\t\t<div class=\"elementor-container elementor-column-gap-default\">\n\t\t\t\t\t\t\t<div class=\"elementor-row\">\n\t\t\t\t\t<div class=\"elementor-column elementor-col-100 elementor-inner-column elementor-element elementor-element-de357b3\" data-id=\"de357b3\" data-element_type=\"column\">\n\t\t\t<div class=\"elementor-column-wrap elementor-element-populated\">\n\t\t\t\t\t\t\t<div class=\"elementor-widget-wrap\">\n\t\t\t\t\t\t<div class=\"elementor-element elementor-element-c8c9228 elementor-widget elementor-widget-text-editor\" data-id=\"c8c9228\" data-element_type=\"widget\" data-widget_type=\"text-editor.default\">\n\t\t\t\t<div class=\"elementor-widget-container\">\n\t\t\t\t\t\t\t\t<div class=\"elementor-text-editor elementor-clearfix\">\n\t\t\t\t\t&quot; Para nosotros la prioridad es dar un servicio personalizado al cliente con resultados efectivos, por eso hemos creado nuestro propio modelo de trabajo. &quot;\t\t\t\t\t<\/div>\n\t\t\t\t\t\t<\/div>\n\t\t\t\t<\/div>\n\t\t\t\t<div class=\"elementor-element elementor-element-dc15059 elementor-widget elementor-widget-text-editor\" data-id=\"dc15059\" data-element_type=\"widget\" data-widget_type=\"text-editor.default\">\n\t\t\t\t<div class=\"elementor-widget-container\">\n\t\t\t\t\t\t\t\t<div class=\"elementor-text-editor elementor-clearfix\">\n\t\t\t\tMelissa Mochulske\t\t\t\t\t<\/div>\n\t\t\t\t\t\t<\/div>\n\t\t\t\t<\/div>\n\t\t\t\t\t\t<\/div>\n\t\t\t\t\t<\/div>\n\t\t<\/div>\n\t\t\t\t\t\t\t\t<\/div>\n\t\t\t\t\t<\/div>\n\t\t<\/section>\n\t\t\t\t<section class=\"elementor-section elementor-top-section elementor-element elementor-element-59dd414 elementor-section-boxed elementor-section-height-default elementor-section-height-default\" data-id=\"59dd414\" data-element_type=\"section\">\n\t\t\t\t\t\t<div class=\"elementor-container elementor-column-gap-default\">\n\t\t\t\t\t\t\t<div class=\"elementor-row\">\n\t\t\t\t\t<div class=\"elementor-column elementor-col-50 elementor-top-column elementor-element elementor-element-cde1ae7\" data-id=\"cde1ae7\" data-element_type=\"column\">\n\t\t\t<div class=\"elementor-column-wrap\">\n\t\t\t\t\t\t\t<div class=\"elementor-widget-wrap\">\n\t\t\t\t\t\t\t\t<\/div>\n\t\t\t\t\t<\/div>\n\t\t<\/div>\n\t\t\t\t<div class=\"elementor-column elementor-col-50 elementor-top-column elementor-element elementor-element-1f98c51\" data-id=\"1f98c51\" data-element_type=\"column\">\n\t\t\t<div class=\"elementor-column-wrap elementor-element-populated\">\n\t\t\t\t\t\t\t<div class=\"elementor-widget-wrap\">\n\t\t\t\t\t\t<div class=\"elementor-element elementor-element-7ed61d5 elementor-widget elementor-widget-text-editor\" data-id=\"7ed61d5\" data-element_type=\"widget\" data-widget_type=\"text-editor.default\">\n\t\t\t\t<div class=\"elementor-widget-container\">\n\t\t\t\t\t\t\t\t<div class=\"elementor-text-editor elementor-clearfix\">\n\t\t\t\t<p>Actualmente, Melissa es tambi\u00e9n locutora de Televisa Radio, hoy es la creadora y locutora de las c\u00e1psulas sobre turismo y gastronom\u00eda \u201cA mi manera\u201d que se transmiten en W Radio y Los 40, y tiene su programa \u201cAgenda WFM\u201d todos los viernes a las 9 de la noche.<br>\nRealiza transmisiones especiales para Televisa Radio de eventos como la entrega de los premios Oscar y enlaces especiales desde diferentes puntos tur\u00edsticos para W Radio.<br>\nTambi\u00e9n colabora ocasionalmente en diversos medios impresos escribiendo art\u00edculos especiales sobre viajes.<\/p>\t\t\t\t\t<\/div>\n\t\t\t\t\t\t<\/div>\n\t\t\t\t<\/div>\n\t\t\t\t\t\t<\/div>\n\t\t\t\t\t<\/div>\n\t\t<\/div>\n\t\t\t\t\t\t\t\t<\/div>\n\t\t\t\t\t<\/div>\n\t\t<\/section>\n\t\t\t\t\t\t\t\t\t<\/div>\n\t\t\t<\/div>\n\t\t\t\t\t<\/div>\n\t\t","protected":false},"excerpt":{"rendered":"<p>Melissa Mochulske CEO Spinto Licenciada en Comunicaci\u00f3n por la Universidad Iberoamericana, especializada en investigaci\u00f3n de medios y mercados. Linkedin Instagram Twitter Tras 4 a\u00f1os como A&#038;R (Artists&#038;Repertoire) en EMI Music con artistas como: RBD, Aleks Syntek, Ely Guerra, Fey, Plastilina Mosh, Eiza Gonz\u00e1lez, Chetes, Diego Boneta, entre otros, migr\u00f3 al mundo del PR de la &hellip;<\/p>\n<p class=\"read-more\"> <a class=\"\" href=\"https:\/\/spinto.com.mx\/es\/melissa-mochulske\/\"> <span class=\"screen-reader-text\">Melissa Mochulske<\/span> Leer m\u00e1s \u00bb<\/a><\/p>\n","protected":false},"author":1,"featured_media":2087,"parent":0,"menu_order":0,"comment_status":"closed","ping_status":"closed","template":"","meta":{"site-sidebar-layout":"no-sidebar","site-content-layout":"page-builder","ast-main-header-display":"","ast-hfb-above-header-display":"","ast-hfb-below-header-display":"","ast-hfb-mobile-header-display":"","site-post-title":"disabled","ast-breadcrumbs-content":"","ast-featured-img":"disabled","footer-sml-layout":"","theme-transparent-header-meta":"default","adv-header-id-meta":"","stick-header-meta":"default","header-above-stick-meta":"","header-main-stick-meta":"","header-below-stick-meta":""},"yoast_head":"<!-- This site is optimized with the Yoast SEO plugin v18.1 - https:\/\/yoast.com\/wordpress\/plugins\/seo\/ -->\n<title>Melissa Mochulske - Spinto<\/title>\n<meta name=\"description\" content=\"Melissa Mochulske, CEO Spinto - Licenciada en Comunicaci\u00c3\u00b3n por la Universidad Iberoamericana, especializada en investigaci\u00c3\u00b3n de medios y mercados.\" \/>\n<meta name=\"robots\" content=\"index, follow, max-snippet:-1, max-image-preview:large, max-video-preview:-1\" \/>\n<link rel=\"canonical\" href=\"https:\/\/spinto.com.mx\/es\/melissa-mochulske\/\" \/>\n<meta property=\"og:locale\" content=\"es_ES\" \/>\n<meta property=\"og:type\" content=\"article\" \/>\n<meta property=\"og:title\" content=\"Melissa Mochulske - Spinto\" \/>\n<meta property=\"og:description\" content=\"Melissa Mochulske, CEO Spinto - Licenciada en Comunicaci\u00c3\u00b3n por la Universidad Iberoamericana, especializada en investigaci\u00c3\u00b3n de medios y mercados.\" \/>\n<meta property=\"og:url\" content=\"https:\/\/spinto.com.mx\/es\/melissa-mochulske\/\" \/>\n<meta property=\"og:site_name\" content=\"Spinto\" \/>\n<meta property=\"article:publisher\" content=\"https:\/\/www.facebook.com\/SpintoMX\/\" \/>\n<meta property=\"article:modified_time\" content=\"2021-01-16T16:35:05+00:00\" \/>\n<meta property=\"og:image\" content=\"https:\/\/spinto.com.mx\/wp-content\/uploads\/2020\/01\/Melissa-Mochulske.png\" \/>\n\t<meta property=\"og:image:width\" content=\"1415\" \/>\n\t<meta property=\"og:image:height\" content=\"1023\" \/>\n\t<meta property=\"og:image:type\" content=\"image\/png\" \/>\n<meta name=\"twitter:card\" content=\"summary_large_image\" \/>\n<meta name=\"twitter:site\" content=\"@spintomx\" \/>\n<meta name=\"twitter:label1\" content=\"Tiempo de lectura\" \/>\n\t<meta name=\"twitter:data1\" content=\"1 minuto\" \/>\n<script type=\"application\/ld+json\" class=\"yoast-schema-graph\">{\"@context\":\"https:\/\/schema.org\",\"@graph\":[{\"@type\":\"WebSite\",\"@id\":\"https:\/\/spinto.com.mx\/es\/#website\",\"url\":\"https:\/\/spinto.com.mx\/es\/\",\"name\":\"Spinto\",\"description\":\"Despacho de Comunicaci\u00f3n y Negocios Estrat\u00e9gicos.\",\"potentialAction\":[{\"@type\":\"SearchAction\",\"target\":{\"@type\":\"EntryPoint\",\"urlTemplate\":\"https:\/\/spinto.com.mx\/es\/?s={search_term_string}\"},\"query-input\":\"required name=search_term_string\"}],\"inLanguage\":\"es\"},{\"@type\":\"ImageObject\",\"@id\":\"https:\/\/spinto.com.mx\/es\/melissa-mochulske\/#primaryimage\",\"inLanguage\":\"es\",\"url\":\"https:\/\/spinto.com.mx\/wp-content\/uploads\/2020\/01\/Melissa-Mochulske.png\",\"contentUrl\":\"https:\/\/spinto.com.mx\/wp-content\/uploads\/2020\/01\/Melissa-Mochulske.png\",\"width\":1415,\"height\":1023,\"caption\":\"Spinto Melissa Mochulske\"},{\"@type\":\"WebPage\",\"@id\":\"https:\/\/spinto.com.mx\/es\/melissa-mochulske\/#webpage\",\"url\":\"https:\/\/spinto.com.mx\/es\/melissa-mochulske\/\",\"name\":\"Melissa Mochulske - Spinto\",\"isPartOf\":{\"@id\":\"https:\/\/spinto.com.mx\/es\/#website\"},\"primaryImageOfPage\":{\"@id\":\"https:\/\/spinto.com.mx\/es\/melissa-mochulske\/#primaryimage\"},\"datePublished\":\"2019-10-23T13:27:48+00:00\",\"dateModified\":\"2021-01-16T16:35:05+00:00\",\"description\":\"Melissa Mochulske, CEO Spinto - Licenciada en Comunicaci\u00c3\u00b3n por la Universidad Iberoamericana, especializada en investigaci\u00c3\u00b3n de medios y mercados.\",\"breadcrumb\":{\"@id\":\"https:\/\/spinto.com.mx\/es\/melissa-mochulske\/#breadcrumb\"},\"inLanguage\":\"es\",\"potentialAction\":[{\"@type\":\"ReadAction\",\"target\":[\"https:\/\/spinto.com.mx\/es\/melissa-mochulske\/\"]}]},{\"@type\":\"BreadcrumbList\",\"@id\":\"https:\/\/spinto.com.mx\/es\/melissa-mochulske\/#breadcrumb\",\"itemListElement\":[{\"@type\":\"ListItem\",\"position\":1,\"name\":\"Home\",\"item\":\"https:\/\/spinto.com.mx\/es\/\"},{\"@type\":\"ListItem\",\"position\":2,\"name\":\"Melissa Mochulske\"}]}]}<\/script>\n<!-- \/ Yoast SEO plugin. -->","yoast_head_json":{"title":"Melissa Mochulske - Spinto","description":"Melissa Mochulske, CEO Spinto - Licenciada en Comunicaci\u00c3\u00b3n por la Universidad Iberoamericana, especializada en investigaci\u00c3\u00b3n de medios y mercados.","robots":{"index":"index","follow":"follow","max-snippet":"max-snippet:-1","max-image-preview":"max-image-preview:large","max-video-preview":"max-video-preview:-1"},"canonical":"https:\/\/spinto.com.mx\/es\/melissa-mochulske\/","og_locale":"es_ES","og_type":"article","og_title":"Melissa Mochulske - Spinto","og_description":"Melissa Mochulske, CEO Spinto - Licenciada en Comunicaci\u00c3\u00b3n por la Universidad Iberoamericana, especializada en investigaci\u00c3\u00b3n de medios y mercados.","og_url":"https:\/\/spinto.com.mx\/es\/melissa-mochulske\/","og_site_name":"Spinto","article_publisher":"https:\/\/www.facebook.com\/SpintoMX\/","article_modified_time":"2021-01-16T16:35:05+00:00","og_image":[{"width":1415,"height":1023,"url":"https:\/\/spinto.com.mx\/wp-content\/uploads\/2020\/01\/Melissa-Mochulske.png","type":"image\/png"}],"twitter_card":"summary_large_image","twitter_site":"@spintomx","twitter_misc":{"Tiempo de lectura":"1 minuto"},"schema":{"@context":"https:\/\/schema.org","@graph":[{"@type":"WebSite","@id":"https:\/\/spinto.com.mx\/es\/#website","url":"https:\/\/spinto.com.mx\/es\/","name":"Spinto","description":"Despacho de Comunicaci\u00f3n y Negocios Estrat\u00e9gicos.","potentialAction":[{"@type":"SearchAction","target":{"@type":"EntryPoint","urlTemplate":"https:\/\/spinto.com.mx\/es\/?s={search_term_string}"},"query-input":"required name=search_term_string"}],"inLanguage":"es"},{"@type":"ImageObject","@id":"https:\/\/spinto.com.mx\/es\/melissa-mochulske\/#primaryimage","inLanguage":"es","url":"https:\/\/spinto.com.mx\/wp-content\/uploads\/2020\/01\/Melissa-Mochulske.png","contentUrl":"https:\/\/spinto.com.mx\/wp-content\/uploads\/2020\/01\/Melissa-Mochulske.png","width":1415,"height":1023,"caption":"Spinto Melissa Mochulske"},{"@type":"WebPage","@id":"https:\/\/spinto.com.mx\/es\/melissa-mochulske\/#webpage","url":"https:\/\/spinto.com.mx\/es\/melissa-mochulske\/","name":"Melissa Mochulske - Spinto","isPartOf":{"@id":"https:\/\/spinto.com.mx\/es\/#website"},"primaryImageOfPage":{"@id":"https:\/\/spinto.com.mx\/es\/melissa-mochulske\/#primaryimage"},"datePublished":"2019-10-23T13:27:48+00:00","dateModified":"2021-01-16T16:35:05+00:00","description":"Melissa Mochulske, CEO Spinto - Licenciada en Comunicaci\u00c3\u00b3n por la Universidad Iberoamericana, especializada en investigaci\u00c3\u00b3n de medios y mercados.","breadcrumb":{"@id":"https:\/\/spinto.com.mx\/es\/melissa-mochulske\/#breadcrumb"},"inLanguage":"es","potentialAction":[{"@type":"ReadAction","target":["https:\/\/spinto.com.mx\/es\/melissa-mochulske\/"]}]},{"@type":"BreadcrumbList","@id":"https:\/\/spinto.com.mx\/es\/melissa-mochulske\/#breadcrumb","itemListElement":[{"@type":"ListItem","position":1,"name":"Home","item":"https:\/\/spinto.com.mx\/es\/"},{"@type":"ListItem","position":2,"name":"Melissa Mochulske"}]}]}},"_links":{"self":[{"href":"https:\/\/spinto.com.mx\/es\/wp-json\/wp\/v2\/pages\/1095"}],"collection":[{"href":"https:\/\/spinto.com.mx\/es\/wp-json\/wp\/v2\/pages"}],"about":[{"href":"https:\/\/spinto.com.mx\/es\/wp-json\/wp\/v2\/types\/page"}],"author":[{"embeddable":true,"href":"https:\/\/spinto.com.mx\/es\/wp-json\/wp\/v2\/users\/1"}],"replies":[{"embeddable":true,"href":"https:\/\/spinto.com.mx\/es\/wp-json\/wp\/v2\/comments?post=1095"}],"version-history":[{"count":3,"href":"https:\/\/spinto.com.mx\/es\/wp-json\/wp\/v2\/pages\/1095\/revisions"}],"predecessor-version":[{"id":4207,"href":"https:\/\/spinto.com.mx\/es\/wp-json\/wp\/v2\/pages\/1095\/revisions\/4207"}],"wp:featuredmedia":[{"embeddable":true,"href":"https:\/\/spinto.com.mx\/es\/wp-json\/wp\/v2\/media\/2087"}],"wp:attachment":[{"href":"https:\/\/spinto.com.mx\/es\/wp-json\/wp\/v2\/media?parent=1095"}],"curies":[{"name":"wp","href":"https:\/\/api.w.org\/{rel}","templated":true}]}}