{"id":1049,"date":"2019-10-23T01:07:46","date_gmt":"2019-10-23T01:07:46","guid":{"rendered":"http:\/\/209.182.212.85\/~spintomexico\/?page_id=1049"},"modified":"2023-02-07T10:39:44","modified_gmt":"2023-02-07T16:39:44","slug":"greta-shelley-2","status":"publish","type":"page","link":"https:\/\/spinto.com.mx\/es\/greta-shelley-2\/","title":{"rendered":"Greta Shelley"},"content":{"rendered":"\t\t<div data-elementor-type=\"wp-page\" data-elementor-id=\"1049\" class=\"elementor elementor-1049\">\n\t\t\t\t\t\t<div class=\"elementor-inner\">\n\t\t\t\t<div class=\"elementor-section-wrap\">\n\t\t\t\t\t\t\t\t\t<section class=\"elementor-section elementor-top-section elementor-element elementor-element-9d49475 elementor-section-boxed elementor-section-height-default elementor-section-height-default\" data-id=\"9d49475\" data-element_type=\"section\" data-settings=\"{&quot;background_background&quot;:&quot;classic&quot;}\">\n\t\t\t\t\t\t<div class=\"elementor-container elementor-column-gap-default\">\n\t\t\t\t\t\t\t<div class=\"elementor-row\">\n\t\t\t\t\t<div class=\"elementor-column elementor-col-50 elementor-top-column elementor-element elementor-element-f8a9a6e\" data-id=\"f8a9a6e\" data-element_type=\"column\" data-settings=\"{&quot;background_background&quot;:&quot;classic&quot;}\">\n\t\t\t<div class=\"elementor-column-wrap elementor-element-populated\">\n\t\t\t\t\t\t\t<div class=\"elementor-widget-wrap\">\n\t\t\t\t\t\t<section class=\"elementor-section elementor-inner-section elementor-element elementor-element-d9feaec elementor-section-content-bottom elementor-section-boxed elementor-section-height-default elementor-section-height-default\" data-id=\"d9feaec\" data-element_type=\"section\">\n\t\t\t\t\t\t<div class=\"elementor-container elementor-column-gap-default\">\n\t\t\t\t\t\t\t<div class=\"elementor-row\">\n\t\t\t\t\t<div class=\"elementor-column elementor-col-100 elementor-inner-column elementor-element elementor-element-ee63f52\" data-id=\"ee63f52\" data-element_type=\"column\">\n\t\t\t<div class=\"elementor-column-wrap elementor-element-populated\">\n\t\t\t\t\t\t\t<div class=\"elementor-widget-wrap\">\n\t\t\t\t\t\t<div class=\"elementor-element elementor-element-0427632 elementor-widget elementor-widget-heading\" data-id=\"0427632\" data-element_type=\"widget\" data-widget_type=\"heading.default\">\n\t\t\t\t<div class=\"elementor-widget-container\">\n\t\t\t<h2 class=\"elementor-heading-title elementor-size-default\">Greta Shelley<\/h2>\t\t<\/div>\n\t\t\t\t<\/div>\n\t\t\t\t<div class=\"elementor-element elementor-element-080b48e elementor-widget elementor-widget-heading\" data-id=\"080b48e\" data-element_type=\"widget\" data-widget_type=\"heading.default\">\n\t\t\t\t<div class=\"elementor-widget-container\">\n\t\t\t<h2 class=\"elementor-heading-title elementor-size-default\">CEO Spinto<\/h2>\t\t<\/div>\n\t\t\t\t<\/div>\n\t\t\t\t\t\t<\/div>\n\t\t\t\t\t<\/div>\n\t\t<\/div>\n\t\t\t\t\t\t\t\t<\/div>\n\t\t\t\t\t<\/div>\n\t\t<\/section>\n\t\t\t\t<div class=\"elementor-element elementor-element-5087fef elementor-widget-divider--view-line elementor-widget elementor-widget-divider\" data-id=\"5087fef\" data-element_type=\"widget\" data-widget_type=\"divider.default\">\n\t\t\t\t<div class=\"elementor-widget-container\">\n\t\t\t\t\t<div class=\"elementor-divider\">\n\t\t\t<span class=\"elementor-divider-separator\">\n\t\t\t\t\t\t<\/span>\n\t\t<\/div>\n\t\t\t\t<\/div>\n\t\t\t\t<\/div>\n\t\t\t\t<div class=\"elementor-element elementor-element-d72b8d8 elementor-widget elementor-widget-text-editor\" data-id=\"d72b8d8\" data-element_type=\"widget\" data-widget_type=\"text-editor.default\">\n\t\t\t\t<div class=\"elementor-widget-container\">\n\t\t\t\t\t\t\t\t<div class=\"elementor-text-editor elementor-clearfix\">\n\t\t\t\t<p>Internacionalista con experiencia en relaciones gobierno-empresa, comunicaci\u00f3n, protocolo y management cultural.<\/p>\t\t\t\t\t<\/div>\n\t\t\t\t\t\t<\/div>\n\t\t\t\t<\/div>\n\t\t\t\t<div class=\"elementor-element elementor-element-2a274fa e-grid-align-left elementor-shape-rounded elementor-grid-0 elementor-widget elementor-widget-social-icons\" data-id=\"2a274fa\" data-element_type=\"widget\" data-widget_type=\"social-icons.default\">\n\t\t\t\t<div class=\"elementor-widget-container\">\n\t\t\t\t\t<div class=\"elementor-social-icons-wrapper elementor-grid\">\n\t\t\t\t\t\t\t<span class=\"elementor-grid-item\">\n\t\t\t\t\t<a class=\"elementor-icon elementor-social-icon elementor-social-icon-linkedin elementor-repeater-item-44d21fc\" href=\"https:\/\/www.linkedin.com\/in\/greta-shelley-1785501\/\" target=\"_blank\">\n\t\t\t\t\t\t<span class=\"elementor-screen-only\">Linkedin<\/span>\n\t\t\t\t\t\t<i class=\"fab fa-linkedin\"><\/i>\t\t\t\t\t<\/a>\n\t\t\t\t<\/span>\n\t\t\t\t\t\t\t<span class=\"elementor-grid-item\">\n\t\t\t\t\t<a class=\"elementor-icon elementor-social-icon elementor-social-icon-twitter elementor-repeater-item-1a488d6\" href=\"https:\/\/twitter.com\/gretashelley\" target=\"_blank\">\n\t\t\t\t\t\t<span class=\"elementor-screen-only\">Twitter<\/span>\n\t\t\t\t\t\t<i class=\"fab fa-twitter\"><\/i>\t\t\t\t\t<\/a>\n\t\t\t\t<\/span>\n\t\t\t\t\t<\/div>\n\t\t\t\t<\/div>\n\t\t\t\t<\/div>\n\t\t\t\t\t\t<\/div>\n\t\t\t\t\t<\/div>\n\t\t<\/div>\n\t\t\t\t<div class=\"elementor-column elementor-col-50 elementor-top-column elementor-element elementor-element-ff3c0cf\" data-id=\"ff3c0cf\" data-element_type=\"column\" data-settings=\"{&quot;background_background&quot;:&quot;classic&quot;}\">\n\t\t\t<div class=\"elementor-column-wrap elementor-element-populated\">\n\t\t\t\t\t\t\t<div class=\"elementor-widget-wrap\">\n\t\t\t\t\t\t<div class=\"elementor-element elementor-element-14e87c7 elementor-widget elementor-widget-spacer\" data-id=\"14e87c7\" data-element_type=\"widget\" data-widget_type=\"spacer.default\">\n\t\t\t\t<div class=\"elementor-widget-container\">\n\t\t\t\t\t<div class=\"elementor-spacer\">\n\t\t\t<div class=\"elementor-spacer-inner\"><\/div>\n\t\t<\/div>\n\t\t\t\t<\/div>\n\t\t\t\t<\/div>\n\t\t\t\t\t\t<\/div>\n\t\t\t\t\t<\/div>\n\t\t<\/div>\n\t\t\t\t\t\t\t\t<\/div>\n\t\t\t\t\t<\/div>\n\t\t<\/section>\n\t\t\t\t<section class=\"elementor-section elementor-top-section elementor-element elementor-element-bfa4adb elementor-section-boxed elementor-section-height-default elementor-section-height-default\" data-id=\"bfa4adb\" data-element_type=\"section\">\n\t\t\t\t\t\t<div class=\"elementor-container elementor-column-gap-default\">\n\t\t\t\t\t\t\t<div class=\"elementor-row\">\n\t\t\t\t\t<div class=\"elementor-column elementor-col-50 elementor-top-column elementor-element elementor-element-5522086\" data-id=\"5522086\" data-element_type=\"column\">\n\t\t\t<div class=\"elementor-column-wrap\">\n\t\t\t\t\t\t\t<div class=\"elementor-widget-wrap\">\n\t\t\t\t\t\t\t\t<\/div>\n\t\t\t\t\t<\/div>\n\t\t<\/div>\n\t\t\t\t<div class=\"elementor-column elementor-col-50 elementor-top-column elementor-element elementor-element-36cdbe4\" data-id=\"36cdbe4\" data-element_type=\"column\">\n\t\t\t<div class=\"elementor-column-wrap elementor-element-populated\">\n\t\t\t\t\t\t\t<div class=\"elementor-widget-wrap\">\n\t\t\t\t\t\t<div class=\"elementor-element elementor-element-d6b571c elementor-widget elementor-widget-text-editor\" data-id=\"d6b571c\" data-element_type=\"widget\" data-widget_type=\"text-editor.default\">\n\t\t\t\t<div class=\"elementor-widget-container\">\n\t\t\t\t\t\t\t\t<div class=\"elementor-text-editor elementor-clearfix\">\n\t\t\t\tInternacionalista con experiencia en relaciones gobierno-empresa, comunicaci\u00f3n, protocolo y management cultural. Estudi\u00f3 Relaciones Internacionales en la Universidad Iberoamericana y una Maestr\u00eda en Relaciones Internacionales en Georgetown University, con especializaci\u00f3n en relaciones gobierno-empresa.\nTambi\u00e9n cuenta con el Certificado Ejecutivo de Liderazgo Global de Thunderbird School of Global Management (2016) y diplomados en Negocios Internacionales, Berkeley University (2008), en Relaciones Gobierno-Empresa, Georgetown University (2012), Curso de Promoci\u00f3n de Cultura y Turismo del Instituto Mat\u00edas Romero, Secretar\u00eda de Relaciones Exteriores (2015), Liderazgo Comunicaci\u00f3n Transcultural, Thunderbird School of Global Management (2017) y Marketing Digital en Columbia University (2019) Adem\u00e1s, es experta en temas de protocolo oficial y empresarial.\t\t\t\t\t<\/div>\n\t\t\t\t\t\t<\/div>\n\t\t\t\t<\/div>\n\t\t\t\t\t\t<\/div>\n\t\t\t\t\t<\/div>\n\t\t<\/div>\n\t\t\t\t\t\t\t\t<\/div>\n\t\t\t\t\t<\/div>\n\t\t<\/section>\n\t\t\t\t<section class=\"elementor-section elementor-inner-section elementor-element elementor-element-54bfc00 elementor-section-boxed elementor-section-height-default elementor-section-height-default elementor-invisible\" data-id=\"54bfc00\" data-element_type=\"section\" data-settings=\"{&quot;animation&quot;:&quot;fadeInLeft&quot;}\">\n\t\t\t\t\t\t<div class=\"elementor-container elementor-column-gap-default\">\n\t\t\t\t\t\t\t<div class=\"elementor-row\">\n\t\t\t\t\t<div class=\"elementor-column elementor-col-100 elementor-inner-column elementor-element elementor-element-de357b3\" data-id=\"de357b3\" data-element_type=\"column\">\n\t\t\t<div class=\"elementor-column-wrap elementor-element-populated\">\n\t\t\t\t\t\t\t<div class=\"elementor-widget-wrap\">\n\t\t\t\t\t\t<div class=\"elementor-element elementor-element-c8c9228 elementor-widget elementor-widget-text-editor\" data-id=\"c8c9228\" data-element_type=\"widget\" data-widget_type=\"text-editor.default\">\n\t\t\t\t<div class=\"elementor-widget-container\">\n\t\t\t\t\t\t\t\t<div class=\"elementor-text-editor elementor-clearfix\">\n\t\t\t\t\u201cNuestra prioridad es darles a nuestros clientes el mejor servicio de manera personalizada, con una de las dos socias siempre presente en la instrumentaci\u00f3n de las estrategias de comunicaci\u00f3n.\u201d\t\t\t\t\t<\/div>\n\t\t\t\t\t\t<\/div>\n\t\t\t\t<\/div>\n\t\t\t\t<div class=\"elementor-element elementor-element-dc15059 elementor-widget elementor-widget-text-editor\" data-id=\"dc15059\" data-element_type=\"widget\" data-widget_type=\"text-editor.default\">\n\t\t\t\t<div class=\"elementor-widget-container\">\n\t\t\t\t\t\t\t\t<div class=\"elementor-text-editor elementor-clearfix\">\n\t\t\t\t<p>Greta\u00a0 Shelley sobre Spinto<\/p>\t\t\t\t\t<\/div>\n\t\t\t\t\t\t<\/div>\n\t\t\t\t<\/div>\n\t\t\t\t\t\t<\/div>\n\t\t\t\t\t<\/div>\n\t\t<\/div>\n\t\t\t\t\t\t\t\t<\/div>\n\t\t\t\t\t<\/div>\n\t\t<\/section>\n\t\t\t\t<section class=\"elementor-section elementor-top-section elementor-element elementor-element-59dd414 elementor-section-boxed elementor-section-height-default elementor-section-height-default\" data-id=\"59dd414\" data-element_type=\"section\">\n\t\t\t\t\t\t<div class=\"elementor-container elementor-column-gap-default\">\n\t\t\t\t\t\t\t<div class=\"elementor-row\">\n\t\t\t\t\t<div class=\"elementor-column elementor-col-50 elementor-top-column elementor-element elementor-element-cde1ae7\" data-id=\"cde1ae7\" data-element_type=\"column\">\n\t\t\t<div class=\"elementor-column-wrap\">\n\t\t\t\t\t\t\t<div class=\"elementor-widget-wrap\">\n\t\t\t\t\t\t\t\t<\/div>\n\t\t\t\t\t<\/div>\n\t\t<\/div>\n\t\t\t\t<div class=\"elementor-column elementor-col-50 elementor-top-column elementor-element elementor-element-1f98c51\" data-id=\"1f98c51\" data-element_type=\"column\">\n\t\t\t<div class=\"elementor-column-wrap elementor-element-populated\">\n\t\t\t\t\t\t\t<div class=\"elementor-widget-wrap\">\n\t\t\t\t\t\t<div class=\"elementor-element elementor-element-7ed61d5 elementor-widget elementor-widget-text-editor\" data-id=\"7ed61d5\" data-element_type=\"widget\" data-widget_type=\"text-editor.default\">\n\t\t\t\t<div class=\"elementor-widget-container\">\n\t\t\t\t\t\t\t\t<div class=\"elementor-text-editor elementor-clearfix\">\n\t\t\t\t<div>Ha trabajado en la Secretar\u00eda de Relaciones Exteriores (1994-1999) en la Direcci\u00f3n General para Am\u00e9rica del Norte y en la Coordinaci\u00f3n de Asesores del Canciller; un a\u00f1o como graduate fellow en Kissinger McLarty Associates en Washington, D.C., (2000-2001); en Michael Storrs Music, London como PR and Events Manager (2004-2008); en Zimat Consultores como Consultora Senior (2008-2013 y 2017) y Directora de la oficina de ProM\u00e9xico en Suiza para: Suiza, Liechtenstein, Rep\u00fablica Checa, Hungr\u00eda, Polonia, Croacia y Bulgaria (2014-2017).<\/div><p>\u00a0<\/p><div>En cuestiones de comunicaci\u00f3n ha manejado cuentas como The Body Shop, HP, Honeywell, Infosys, Huawei, Museo Amparo, MUAC, Amafore, Christian Louboutin, General Motors, London School of Economics, Javier Camarena. Takedar, entre otras.<br \/>Greta es asociada del COMEXI desde 2005 e integrante del Patronato del Instituto Nacional de Neurolog\u00eda.<\/div>\t\t\t\t\t<\/div>\n\t\t\t\t\t\t<\/div>\n\t\t\t\t<\/div>\n\t\t\t\t\t\t<\/div>\n\t\t\t\t\t<\/div>\n\t\t<\/div>\n\t\t\t\t\t\t\t\t<\/div>\n\t\t\t\t\t<\/div>\n\t\t<\/section>\n\t\t\t\t\t\t\t\t\t<\/div>\n\t\t\t<\/div>\n\t\t\t\t\t<\/div>\n\t\t","protected":false},"excerpt":{"rendered":"<p>Greta Shelley CEO Spinto Internacionalista con experiencia en relaciones gobierno-empresa, comunicaci\u00f3n, protocolo y management cultural. Linkedin Twitter Internacionalista con experiencia en relaciones gobierno-empresa, comunicaci\u00f3n, protocolo y management cultural. Estudi\u00f3 Relaciones Internacionales en la Universidad Iberoamericana y una Maestr\u00eda en Relaciones Internacionales en Georgetown University, con especializaci\u00f3n en relaciones gobierno-empresa. Tambi\u00e9n cuenta con el Certificado Ejecutivo &hellip;<\/p>\n<p class=\"read-more\"> <a class=\"\" href=\"https:\/\/spinto.com.mx\/es\/greta-shelley-2\/\"> <span class=\"screen-reader-text\">Greta Shelley<\/span> Leer m\u00e1s \u00bb<\/a><\/p>\n","protected":false},"author":1,"featured_media":1890,"parent":0,"menu_order":0,"comment_status":"closed","ping_status":"closed","template":"","meta":{"site-sidebar-layout":"no-sidebar","site-content-layout":"page-builder","ast-main-header-display":"","ast-hfb-above-header-display":"","ast-hfb-below-header-display":"","ast-hfb-mobile-header-display":"","site-post-title":"disabled","ast-breadcrumbs-content":"","ast-featured-img":"disabled","footer-sml-layout":"","theme-transparent-header-meta":"default","adv-header-id-meta":"","stick-header-meta":"default","header-above-stick-meta":"","header-main-stick-meta":"","header-below-stick-meta":""},"yoast_head":"<!-- This site is optimized with the Yoast SEO plugin v18.1 - https:\/\/yoast.com\/wordpress\/plugins\/seo\/ -->\n<title>Greta Shelley - Spinto<\/title>\n<meta name=\"description\" content=\"Greta Shelley, CEO Spinto - Internacionalista con experiencia en relaciones gobierno-empresa, comunicaci\u00c3\u00b3n, protocolo y management cultural.\" \/>\n<meta name=\"robots\" content=\"index, follow, max-snippet:-1, max-image-preview:large, max-video-preview:-1\" \/>\n<link rel=\"canonical\" href=\"https:\/\/spinto.com.mx\/es\/greta-shelley-2\/\" \/>\n<meta property=\"og:locale\" content=\"es_ES\" \/>\n<meta property=\"og:type\" content=\"article\" \/>\n<meta property=\"og:title\" content=\"Greta Shelley - Spinto\" \/>\n<meta property=\"og:description\" content=\"Greta Shelley, CEO Spinto - Internacionalista con experiencia en relaciones gobierno-empresa, comunicaci\u00c3\u00b3n, protocolo y management cultural.\" \/>\n<meta property=\"og:url\" content=\"https:\/\/spinto.com.mx\/es\/greta-shelley-2\/\" \/>\n<meta property=\"og:site_name\" content=\"Spinto\" \/>\n<meta property=\"article:publisher\" content=\"https:\/\/www.facebook.com\/SpintoMX\/\" \/>\n<meta property=\"article:modified_time\" content=\"2023-02-07T16:39:44+00:00\" \/>\n<meta property=\"og:image\" content=\"https:\/\/spinto.com.mx\/wp-content\/uploads\/2019\/11\/Spinto-Greta-Shelley-1.jpg\" \/>\n\t<meta property=\"og:image:width\" content=\"900\" \/>\n\t<meta property=\"og:image:height\" content=\"987\" \/>\n\t<meta property=\"og:image:type\" content=\"image\/jpeg\" \/>\n<meta name=\"twitter:card\" content=\"summary_large_image\" \/>\n<meta name=\"twitter:site\" content=\"@spintomx\" \/>\n<meta name=\"twitter:label1\" content=\"Tiempo de lectura\" \/>\n\t<meta name=\"twitter:data1\" content=\"2 minutos\" \/>\n<script type=\"application\/ld+json\" class=\"yoast-schema-graph\">{\"@context\":\"https:\/\/schema.org\",\"@graph\":[{\"@type\":\"WebSite\",\"@id\":\"https:\/\/spinto.com.mx\/es\/#website\",\"url\":\"https:\/\/spinto.com.mx\/es\/\",\"name\":\"Spinto\",\"description\":\"Despacho de Comunicaci\u00f3n y Negocios Estrat\u00e9gicos.\",\"potentialAction\":[{\"@type\":\"SearchAction\",\"target\":{\"@type\":\"EntryPoint\",\"urlTemplate\":\"https:\/\/spinto.com.mx\/es\/?s={search_term_string}\"},\"query-input\":\"required name=search_term_string\"}],\"inLanguage\":\"es\"},{\"@type\":\"ImageObject\",\"@id\":\"https:\/\/spinto.com.mx\/es\/greta-shelley-2\/#primaryimage\",\"inLanguage\":\"es\",\"url\":\"https:\/\/spinto.com.mx\/wp-content\/uploads\/2019\/11\/Spinto-Greta-Shelley-1.jpg\",\"contentUrl\":\"https:\/\/spinto.com.mx\/wp-content\/uploads\/2019\/11\/Spinto-Greta-Shelley-1.jpg\",\"width\":900,\"height\":987,\"caption\":\"Spinto Greta Shelley\"},{\"@type\":\"WebPage\",\"@id\":\"https:\/\/spinto.com.mx\/es\/greta-shelley-2\/#webpage\",\"url\":\"https:\/\/spinto.com.mx\/es\/greta-shelley-2\/\",\"name\":\"Greta Shelley - Spinto\",\"isPartOf\":{\"@id\":\"https:\/\/spinto.com.mx\/es\/#website\"},\"primaryImageOfPage\":{\"@id\":\"https:\/\/spinto.com.mx\/es\/greta-shelley-2\/#primaryimage\"},\"datePublished\":\"2019-10-23T01:07:46+00:00\",\"dateModified\":\"2023-02-07T16:39:44+00:00\",\"description\":\"Greta Shelley, CEO Spinto - Internacionalista con experiencia en relaciones gobierno-empresa, comunicaci\u00c3\u00b3n, protocolo y management cultural.\",\"breadcrumb\":{\"@id\":\"https:\/\/spinto.com.mx\/es\/greta-shelley-2\/#breadcrumb\"},\"inLanguage\":\"es\",\"potentialAction\":[{\"@type\":\"ReadAction\",\"target\":[\"https:\/\/spinto.com.mx\/es\/greta-shelley-2\/\"]}]},{\"@type\":\"BreadcrumbList\",\"@id\":\"https:\/\/spinto.com.mx\/es\/greta-shelley-2\/#breadcrumb\",\"itemListElement\":[{\"@type\":\"ListItem\",\"position\":1,\"name\":\"Home\",\"item\":\"https:\/\/spinto.com.mx\/es\/\"},{\"@type\":\"ListItem\",\"position\":2,\"name\":\"Greta Shelley\"}]}]}<\/script>\n<!-- \/ Yoast SEO plugin. -->","yoast_head_json":{"title":"Greta Shelley - Spinto","description":"Greta Shelley, CEO Spinto - Internacionalista con experiencia en relaciones gobierno-empresa, comunicaci\u00c3\u00b3n, protocolo y management cultural.","robots":{"index":"index","follow":"follow","max-snippet":"max-snippet:-1","max-image-preview":"max-image-preview:large","max-video-preview":"max-video-preview:-1"},"canonical":"https:\/\/spinto.com.mx\/es\/greta-shelley-2\/","og_locale":"es_ES","og_type":"article","og_title":"Greta Shelley - Spinto","og_description":"Greta Shelley, CEO Spinto - Internacionalista con experiencia en relaciones gobierno-empresa, comunicaci\u00c3\u00b3n, protocolo y management cultural.","og_url":"https:\/\/spinto.com.mx\/es\/greta-shelley-2\/","og_site_name":"Spinto","article_publisher":"https:\/\/www.facebook.com\/SpintoMX\/","article_modified_time":"2023-02-07T16:39:44+00:00","og_image":[{"width":900,"height":987,"url":"https:\/\/spinto.com.mx\/wp-content\/uploads\/2019\/11\/Spinto-Greta-Shelley-1.jpg","type":"image\/jpeg"}],"twitter_card":"summary_large_image","twitter_site":"@spintomx","twitter_misc":{"Tiempo de lectura":"2 minutos"},"schema":{"@context":"https:\/\/schema.org","@graph":[{"@type":"WebSite","@id":"https:\/\/spinto.com.mx\/es\/#website","url":"https:\/\/spinto.com.mx\/es\/","name":"Spinto","description":"Despacho de Comunicaci\u00f3n y Negocios Estrat\u00e9gicos.","potentialAction":[{"@type":"SearchAction","target":{"@type":"EntryPoint","urlTemplate":"https:\/\/spinto.com.mx\/es\/?s={search_term_string}"},"query-input":"required name=search_term_string"}],"inLanguage":"es"},{"@type":"ImageObject","@id":"https:\/\/spinto.com.mx\/es\/greta-shelley-2\/#primaryimage","inLanguage":"es","url":"https:\/\/spinto.com.mx\/wp-content\/uploads\/2019\/11\/Spinto-Greta-Shelley-1.jpg","contentUrl":"https:\/\/spinto.com.mx\/wp-content\/uploads\/2019\/11\/Spinto-Greta-Shelley-1.jpg","width":900,"height":987,"caption":"Spinto Greta Shelley"},{"@type":"WebPage","@id":"https:\/\/spinto.com.mx\/es\/greta-shelley-2\/#webpage","url":"https:\/\/spinto.com.mx\/es\/greta-shelley-2\/","name":"Greta Shelley - Spinto","isPartOf":{"@id":"https:\/\/spinto.com.mx\/es\/#website"},"primaryImageOfPage":{"@id":"https:\/\/spinto.com.mx\/es\/greta-shelley-2\/#primaryimage"},"datePublished":"2019-10-23T01:07:46+00:00","dateModified":"2023-02-07T16:39:44+00:00","description":"Greta Shelley, CEO Spinto - Internacionalista con experiencia en relaciones gobierno-empresa, comunicaci\u00c3\u00b3n, protocolo y management cultural.","breadcrumb":{"@id":"https:\/\/spinto.com.mx\/es\/greta-shelley-2\/#breadcrumb"},"inLanguage":"es","potentialAction":[{"@type":"ReadAction","target":["https:\/\/spinto.com.mx\/es\/greta-shelley-2\/"]}]},{"@type":"BreadcrumbList","@id":"https:\/\/spinto.com.mx\/es\/greta-shelley-2\/#breadcrumb","itemListElement":[{"@type":"ListItem","position":1,"name":"Home","item":"https:\/\/spinto.com.mx\/es\/"},{"@type":"ListItem","position":2,"name":"Greta Shelley"}]}]}},"_links":{"self":[{"href":"https:\/\/spinto.com.mx\/es\/wp-json\/wp\/v2\/pages\/1049"}],"collection":[{"href":"https:\/\/spinto.com.mx\/es\/wp-json\/wp\/v2\/pages"}],"about":[{"href":"https:\/\/spinto.com.mx\/es\/wp-json\/wp\/v2\/types\/page"}],"author":[{"embeddable":true,"href":"https:\/\/spinto.com.mx\/es\/wp-json\/wp\/v2\/users\/1"}],"replies":[{"embeddable":true,"href":"https:\/\/spinto.com.mx\/es\/wp-json\/wp\/v2\/comments?post=1049"}],"version-history":[{"count":12,"href":"https:\/\/spinto.com.mx\/es\/wp-json\/wp\/v2\/pages\/1049\/revisions"}],"predecessor-version":[{"id":4503,"href":"https:\/\/spinto.com.mx\/es\/wp-json\/wp\/v2\/pages\/1049\/revisions\/4503"}],"wp:featuredmedia":[{"embeddable":true,"href":"https:\/\/spinto.com.mx\/es\/wp-json\/wp\/v2\/media\/1890"}],"wp:attachment":[{"href":"https:\/\/spinto.com.mx\/es\/wp-json\/wp\/v2\/media?parent=1049"}],"curies":[{"name":"wp","href":"https:\/\/api.w.org\/{rel}","templated":true}]}}